{"id":7326,"date":"2025-01-23T16:25:25","date_gmt":"2025-01-23T15:25:25","guid":{"rendered":"https:\/\/ciaokids.org\/cksite\/kits-scolaires\/"},"modified":"2025-01-23T16:25:25","modified_gmt":"2025-01-23T15:25:25","slug":"kits-scolaires","status":"publish","type":"page","link":"https:\/\/ciaokids.org\/en\/les-projets\/kits-scolaires\/","title":{"rendered":"Kits scolaires"},"content":{"rendered":"<div class=\"wpb-content-wrapper\"><p>[vc_row css_animation=&#8221;&#8221; row_type=&#8221;row&#8221; use_row_as_full_screen_section=&#8221;no&#8221; type=&#8221;full_width&#8221; angled_section=&#8221;no&#8221; text_align=&#8221;left&#8221; background_image_as_pattern=&#8221;without_pattern&#8221;][vc_column][vc_column_text css=&#8221;&#8221;]<\/p>\n<h4><em><strong>Notre objectif\u00a0<\/strong>est de donner la possibilit\u00e9 \u00e0 ces enfants d\u2019<strong>\u00eatre scolaris\u00e9s\u00a0<\/strong>et d\u2019\u00e9tudier dans de meilleures conditions.<\/em><\/h4>\n<p>[\/vc_column_text][vc_empty_space][\/vc_column][\/vc_row][vc_row css_animation=&#8221;&#8221; row_type=&#8221;row&#8221; use_row_as_full_screen_section=&#8221;no&#8221; type=&#8221;full_width&#8221; angled_section=&#8221;no&#8221; text_align=&#8221;left&#8221; background_image_as_pattern=&#8221;without_pattern&#8221;][vc_column width=&#8221;1\/2&#8243;][vc_column_text css=&#8221;&#8221;]Les familles tribales ont des moyens limit\u00e9s pour acheter du mat\u00e9riel scolaire, c\u2019est pourquoi nous fournissons chaque ann\u00e9e de nouveaux\u00a0<strong>kits scolaires<\/strong>\u00a0\u00e0 des \u00e9coliers \u00e2g\u00e9s de 6 \u00e0 18 ans. Ces kits comprennent tout le mat\u00e9riel dont les \u00e9l\u00e8ves ont besoin : sac \u00e0 dos, cahiers, papeterie adapt\u00e9e \u00e0 la classe et les frais annuels d\u2019inscription \u00e0 l\u2019\u00e9cole. \u00c0 ce jour nous avons d\u00e9j\u00e0 distribu\u00e9 5\u2019000 kits.[\/vc_column_text][vc_empty_space]<a  itemprop=\"url\" href=\"https:\/\/ciaokids.org\/cksite\/nous-soutenir\/\" target=\"_self\"  class=\"qbutton  big_large center default\" style=\"margin: 10px auto 10px auto; \">Faire un don<i class=\"qode_icon_font_awesome fa fa-heart qode_button_icon_element\"><\/i><\/a>[vc_empty_space][\/vc_column][vc_column width=&#8221;1\/2&#8243;]\n\t\t\t<!-- START kits scolaires REVOLUTION SLIDER 6.7.29 --><p class=\"rs-p-wp-fix\"><\/p>\n\t\t\t<rs-module-wrap id=\"rev_slider_9_1_wrapper\" data-source=\"gallery\" style=\"visibility:hidden;background:transparent;padding:0;margin:0px auto;margin-top:0;margin-bottom:0;\">\n\t\t\t\t<rs-module id=\"rev_slider_9_1\" style=\"\" data-version=\"6.7.29\">\n\t\t\t\t\t<rs-slides style=\"overflow: hidden; position: absolute;\">\n\t\t\t\t\t\t<rs-slide style=\"position: absolute;\" data-key=\"rs-42\" data-title=\"Slide\" data-in=\"o:0;\" data-out=\"a:false;\">\n\t\t\t\t\t\t\t<img decoding=\"async\" src=\"\/\/ciaokids.org\/cksite\/wp-content\/plugins\/revslider\/sr6\/assets\/assets\/dummy.png\" alt=\"\" title=\"kits-scolaires_3\" width=\"1125\" height=\"1500\" class=\"rev-slidebg tp-rs-img rs-lazyload\" data-lazyload=\"\/\/ciaokids.org\/cksite\/wp-content\/uploads\/2025\/01\/kits-scolaires_3.jpg\" data-bg=\"p:center top;\" data-no-retina>\n<!---->\t\t\t\t\t<\/rs-slide>\n\t\t\t\t\t\t<rs-slide style=\"position: absolute;\" data-key=\"rs-43\" data-title=\"Slide\" data-in=\"o:0;\" data-out=\"a:false;\">\n\t\t\t\t\t\t\t<img decoding=\"async\" src=\"\/\/ciaokids.org\/cksite\/wp-content\/plugins\/revslider\/sr6\/assets\/assets\/dummy.png\" alt=\"\" title=\"oplus_32\" width=\"1125\" height=\"1500\" class=\"rev-slidebg tp-rs-img rs-lazyload\" data-lazyload=\"\/\/ciaokids.org\/cksite\/wp-content\/uploads\/2025\/01\/kit-scolaires_4.jpg\" data-no-retina>\n<!---->\t\t\t\t\t<\/rs-slide>\n\t\t\t\t\t\t<rs-slide style=\"position: absolute;\" data-key=\"rs-44\" data-title=\"Slide\" data-in=\"o:0;\" data-out=\"a:false;\">\n\t\t\t\t\t\t\t<img decoding=\"async\" src=\"\/\/ciaokids.org\/cksite\/wp-content\/plugins\/revslider\/sr6\/assets\/assets\/dummy.png\" alt=\"\" title=\"kits-scolaires_2\" width=\"844\" height=\"1500\" class=\"rev-slidebg tp-rs-img rs-lazyload\" data-lazyload=\"\/\/ciaokids.org\/cksite\/wp-content\/uploads\/2025\/01\/kits-scolaires_2.jpg\" data-no-retina>\n<!---->\t\t\t\t\t<\/rs-slide>\n\t\t\t\t\t\t<rs-slide style=\"position: absolute;\" data-key=\"rs-45\" data-title=\"Slide\" data-in=\"o:0;\" data-out=\"a:false;\">\n\t\t\t\t\t\t\t<img decoding=\"async\" src=\"\/\/ciaokids.org\/cksite\/wp-content\/plugins\/revslider\/sr6\/assets\/assets\/dummy.png\" alt=\"\" title=\"oplus_0\" width=\"1500\" height=\"1125\" class=\"rev-slidebg tp-rs-img rs-lazyload\" data-lazyload=\"\/\/ciaokids.org\/cksite\/wp-content\/uploads\/2025\/01\/Kits-scolaires_5.jpg\" data-no-retina>\n<!---->\t\t\t\t\t<\/rs-slide>\n\t\t\t\t\t\t<rs-slide style=\"position: absolute;\" data-key=\"rs-46\" data-title=\"Slide\" data-in=\"o:0;\" data-out=\"a:false;\">\n\t\t\t\t\t\t\t<img decoding=\"async\" src=\"\/\/ciaokids.org\/cksite\/wp-content\/plugins\/revslider\/sr6\/assets\/assets\/dummy.png\" alt=\"\" title=\"oplus_1024\" width=\"1500\" height=\"1125\" class=\"rev-slidebg tp-rs-img rs-lazyload\" data-lazyload=\"\/\/ciaokids.org\/cksite\/wp-content\/uploads\/2025\/01\/kits-scolaires_6.jpg\" data-bg=\"p:center top;\" data-no-retina>\n<!---->\t\t\t\t\t<\/rs-slide>\n\t\t\t\t\t\t<rs-slide style=\"position: absolute;\" data-key=\"rs-47\" data-title=\"Slide\" data-in=\"o:0;\" data-out=\"a:false;\">\n\t\t\t\t\t\t\t<img decoding=\"async\" src=\"\/\/ciaokids.org\/cksite\/wp-content\/plugins\/revslider\/sr6\/assets\/assets\/dummy.png\" alt=\"\" title=\"Kits-scolaires\" width=\"1500\" height=\"1000\" class=\"rev-slidebg tp-rs-img rs-lazyload\" data-lazyload=\"\/\/ciaokids.org\/cksite\/wp-content\/uploads\/2025\/01\/Kits-scolaires.jpg\" data-bg=\"p:right center;\" data-no-retina>\n<!---->\t\t\t\t\t<\/rs-slide>\n\t\t\t\t\t\t<rs-slide style=\"position: absolute;\" data-key=\"rs-48\" data-title=\"Slide\" data-in=\"o:0;\" data-out=\"a:false;\">\n\t\t\t\t\t\t\t<img decoding=\"async\" src=\"\/\/ciaokids.org\/cksite\/wp-content\/plugins\/revslider\/sr6\/assets\/assets\/dummy.png\" alt=\"\" title=\"kits-scolairse\" width=\"1500\" height=\"1000\" class=\"rev-slidebg tp-rs-img rs-lazyload\" data-lazyload=\"\/\/ciaokids.org\/cksite\/wp-content\/uploads\/2025\/01\/kits-scolairse.jpg\" data-bg=\"p:right center;\" data-no-retina>\n<!---->\t\t\t\t\t<\/rs-slide>\n\t\t\t\t\t<\/rs-slides>\n\t\t\t\t<\/rs-module>\n\t\t\t\t<script>\n\t\t\t\t\tsetREVStartSize({c: 'rev_slider_9_1',rl:[1240,1024,778,480],el:[900],gw:[1240],gh:[900],type:'standard',justify:'',layout:'fullwidth',mh:\"0\"});if (window.RS_MODULES!==undefined && window.RS_MODULES.modules!==undefined && window.RS_MODULES.modules[\"revslider91\"]!==undefined) {window.RS_MODULES.modules[\"revslider91\"].once = false;window.revapi9 = undefined;if (window.RS_MODULES.checkMinimal!==undefined) window.RS_MODULES.checkMinimal()}\n\t\t\t\t<\/script>\n\t\t\t<\/rs-module-wrap>\n\t\t\t<!-- END REVOLUTION SLIDER -->\n[vc_empty_space][\/vc_column][\/vc_row]<\/p>\n<\/div>","protected":false},"excerpt":{"rendered":"<p>[vc_row css_animation=&#8221;&#8221; row_type=&#8221;row&#8221; use_row_as_full_screen_section=&#8221;no&#8221; type=&#8221;full_width&#8221; angled_section=&#8221;no&#8221; text_align=&#8221;left&#8221; background_image_as_pattern=&#8221;without_pattern&#8221;][vc_column][vc_column_text css=&#8221;&#8221;] Notre objectif\u00a0est de donner la possibilit\u00e9 \u00e0 ces enfants d\u2019\u00eatre scolaris\u00e9s\u00a0et d\u2019\u00e9tudier dans de meilleures conditions. [\/vc_column_text][vc_empty_space][\/vc_column][\/vc_row][vc_row css_animation=&#8221;&#8221; row_type=&#8221;row&#8221; use_row_as_full_screen_section=&#8221;no&#8221; type=&#8221;full_width&#8221; angled_section=&#8221;no&#8221; text_align=&#8221;left&#8221; background_image_as_pattern=&#8221;without_pattern&#8221;][vc_column width=&#8221;1\/2&#8243;][vc_column_text css=&#8221;&#8221;]Les familles tribales ont des moyens limit\u00e9s pour acheter du mat\u00e9riel&#8230;<\/p>\n","protected":false},"author":1,"featured_media":0,"parent":7342,"menu_order":0,"comment_status":"closed","ping_status":"closed","template":"","meta":{"footnotes":""},"class_list":["post-7326","page","type-page","status-publish","hentry"],"_links":{"self":[{"href":"https:\/\/ciaokids.org\/en\/wp-json\/wp\/v2\/pages\/7326","targetHints":{"allow":["GET"]}}],"collection":[{"href":"https:\/\/ciaokids.org\/en\/wp-json\/wp\/v2\/pages"}],"about":[{"href":"https:\/\/ciaokids.org\/en\/wp-json\/wp\/v2\/types\/page"}],"author":[{"embeddable":true,"href":"https:\/\/ciaokids.org\/en\/wp-json\/wp\/v2\/users\/1"}],"replies":[{"embeddable":true,"href":"https:\/\/ciaokids.org\/en\/wp-json\/wp\/v2\/comments?post=7326"}],"version-history":[{"count":0,"href":"https:\/\/ciaokids.org\/en\/wp-json\/wp\/v2\/pages\/7326\/revisions"}],"up":[{"embeddable":true,"href":"https:\/\/ciaokids.org\/en\/wp-json\/wp\/v2\/pages\/7342"}],"wp:attachment":[{"href":"https:\/\/ciaokids.org\/en\/wp-json\/wp\/v2\/media?parent=7326"}],"curies":[{"name":"wp","href":"https:\/\/api.w.org\/{rel}","templated":true}]}}