{"id":7320,"date":"2025-01-23T16:26:23","date_gmt":"2025-01-23T15:26:23","guid":{"rendered":"https:\/\/ciaokids.org\/cksite\/programme-de-sensibilisation\/"},"modified":"2025-01-23T16:26:23","modified_gmt":"2025-01-23T15:26:23","slug":"programme-de-sensibilisation","status":"publish","type":"page","link":"https:\/\/ciaokids.org\/en\/les-projets\/programme-de-sensibilisation\/","title":{"rendered":"Programme de sensibilisation"},"content":{"rendered":"<div class=\"wpb-content-wrapper\"><p>[vc_row css_animation=&#8221;&#8221; row_type=&#8221;row&#8221; use_row_as_full_screen_section=&#8221;no&#8221; type=&#8221;full_width&#8221; angled_section=&#8221;no&#8221; text_align=&#8221;left&#8221; background_image_as_pattern=&#8221;without_pattern&#8221;][vc_column][vc_column_text css=&#8221;&#8221;]<\/p>\n<h4><em><strong>Notre objectif<\/strong> est de <strong>sensibiliser les femmes<\/strong> aux questions sociales et de les <strong>conscientiser<\/strong>, en particulier les jeunes filles.<\/em><\/h4>\n<p>[\/vc_column_text][vc_empty_space][\/vc_column][\/vc_row][vc_row css_animation=&#8221;&#8221; row_type=&#8221;row&#8221; use_row_as_full_screen_section=&#8221;no&#8221; type=&#8221;full_width&#8221; angled_section=&#8221;no&#8221; text_align=&#8221;left&#8221; background_image_as_pattern=&#8221;without_pattern&#8221;][vc_column width=&#8221;1\/2&#8243;][vc_column_text css=&#8221;&#8221;]L\u2019alcoolisme, la migration, la traite des \u00eatres humains et l\u2019abandon scolaire sont les cons\u00e9quences directes de l\u2019extr\u00eame pauvret\u00e9. Les femmes sont celles qui souffrent le plus, elles ne participent pas aux d\u00e9cisions collectives et leurs voix ne sont pas entendues.<\/p>\n<p>Par le biais de pi\u00e8ces de th\u00e9\u00e2tre de rue dans les langues locales et de musiques issues de dialectes tribaux, des <strong>programmes de sensibilisation sur des sujets vari\u00e9s tels que l\u2019importance de la sant\u00e9 et de l\u2019\u00e9ducation, les dangers de l\u2019alcoolisme et du trafic d\u2019\u00eatres humains<\/strong> sont organis\u00e9s dans les villages. Les femmes y participent en grand nombre et des discussions sont \u00e9galement organis\u00e9es en petits groupes. 21\u2019000 personnes ont d\u00e9j\u00e0 assist\u00e9 \u00e0 ce programme.[\/vc_column_text][vc_empty_space]<a  itemprop=\"url\" href=\"https:\/\/ciaokids.org\/cksite\/nous-soutenir\/\" target=\"_self\"  class=\"qbutton  big_large center default\" style=\"margin: 10px auto 10px auto; \">Faire un don<i class=\"qode_icon_font_awesome fa fa-heart qode_button_icon_element\"><\/i><\/a>[vc_empty_space][\/vc_column][vc_column width=&#8221;1\/2&#8243;]\n\t\t\t<!-- START sensibilisation REVOLUTION SLIDER 6.7.29 --><p class=\"rs-p-wp-fix\"><\/p>\n\t\t\t<rs-module-wrap id=\"rev_slider_11_1_wrapper\" data-source=\"gallery\" style=\"visibility:hidden;background:transparent;padding:0;margin:0px auto;margin-top:0;margin-bottom:0;\">\n\t\t\t\t<rs-module id=\"rev_slider_11_1\" style=\"\" data-version=\"6.7.29\">\n\t\t\t\t\t<rs-slides style=\"overflow: hidden; position: absolute;\">\n\t\t\t\t\t\t<rs-slide style=\"position: absolute;\" data-key=\"rs-58\" data-title=\"Slide\" data-in=\"o:0;\" data-out=\"a:false;\">\n\t\t\t\t\t\t\t<img decoding=\"async\" src=\"\/\/ciaokids.org\/cksite\/wp-content\/plugins\/revslider\/sr6\/assets\/assets\/dummy.png\" alt=\"\" title=\"sensibilisation\" width=\"1500\" height=\"1000\" class=\"rev-slidebg tp-rs-img rs-lazyload\" data-lazyload=\"\/\/ciaokids.org\/cksite\/wp-content\/uploads\/2025\/01\/sensibilisation.jpg\" data-no-retina>\n<!---->\t\t\t\t\t<\/rs-slide>\n\t\t\t\t\t\t<rs-slide style=\"position: absolute;\" data-key=\"rs-59\" data-title=\"Slide\" data-in=\"o:0;\" data-out=\"a:false;\">\n\t\t\t\t\t\t\t<img decoding=\"async\" src=\"\/\/ciaokids.org\/cksite\/wp-content\/plugins\/revslider\/sr6\/assets\/assets\/dummy.png\" alt=\"\" title=\"sensibilisation_3\" width=\"1500\" height=\"1000\" class=\"rev-slidebg tp-rs-img rs-lazyload\" data-lazyload=\"\/\/ciaokids.org\/cksite\/wp-content\/uploads\/2025\/01\/sensibilisation_3.jpg\" data-bg=\"p:center top;\" data-no-retina>\n<!---->\t\t\t\t\t<\/rs-slide>\n\t\t\t\t\t\t<rs-slide style=\"position: absolute;\" data-key=\"rs-60\" data-title=\"Slide\" data-in=\"o:0;\" data-out=\"a:false;\">\n\t\t\t\t\t\t\t<img decoding=\"async\" src=\"\/\/ciaokids.org\/cksite\/wp-content\/plugins\/revslider\/sr6\/assets\/assets\/dummy.png\" alt=\"\" title=\"sensibilisation_2\" width=\"1500\" height=\"1000\" class=\"rev-slidebg tp-rs-img rs-lazyload\" data-lazyload=\"\/\/ciaokids.org\/cksite\/wp-content\/uploads\/2025\/01\/sensibilisation_2.jpg\" data-no-retina>\n<!---->\t\t\t\t\t<\/rs-slide>\n\t\t\t\t\t\t<rs-slide style=\"position: absolute;\" data-key=\"rs-61\" data-title=\"Slide\" data-in=\"o:0;\" data-out=\"a:false;\">\n\t\t\t\t\t\t\t<img decoding=\"async\" src=\"\/\/ciaokids.org\/cksite\/wp-content\/plugins\/revslider\/sr6\/assets\/assets\/dummy.png\" alt=\"\" title=\"sensibilisation_4\" width=\"1500\" height=\"1000\" class=\"rev-slidebg tp-rs-img rs-lazyload\" data-lazyload=\"\/\/ciaokids.org\/cksite\/wp-content\/uploads\/2025\/01\/sensibilisation_4.jpg\" data-no-retina>\n<!---->\t\t\t\t\t<\/rs-slide>\n\t\t\t\t\t<\/rs-slides>\n\t\t\t\t<\/rs-module>\n\t\t\t\t<script>\n\t\t\t\t\tsetREVStartSize({c: 'rev_slider_11_1',rl:[1240,1024,778,480],el:[900],gw:[1240],gh:[900],type:'standard',justify:'',layout:'fullwidth',mh:\"0\"});if (window.RS_MODULES!==undefined && window.RS_MODULES.modules!==undefined && window.RS_MODULES.modules[\"revslider111\"]!==undefined) {window.RS_MODULES.modules[\"revslider111\"].once = false;window.revapi11 = undefined;if (window.RS_MODULES.checkMinimal!==undefined) window.RS_MODULES.checkMinimal()}\n\t\t\t\t<\/script>\n\t\t\t<\/rs-module-wrap>\n\t\t\t<!-- END REVOLUTION SLIDER -->\n[vc_empty_space][\/vc_column][\/vc_row]<\/p>\n<\/div>","protected":false},"excerpt":{"rendered":"<p>[vc_row css_animation=&#8221;&#8221; row_type=&#8221;row&#8221; use_row_as_full_screen_section=&#8221;no&#8221; type=&#8221;full_width&#8221; angled_section=&#8221;no&#8221; text_align=&#8221;left&#8221; background_image_as_pattern=&#8221;without_pattern&#8221;][vc_column][vc_column_text css=&#8221;&#8221;] Notre objectif est de sensibiliser les femmes aux questions sociales et de les conscientiser, en particulier les jeunes filles. [\/vc_column_text][vc_empty_space][\/vc_column][\/vc_row][vc_row css_animation=&#8221;&#8221; row_type=&#8221;row&#8221; use_row_as_full_screen_section=&#8221;no&#8221; type=&#8221;full_width&#8221; angled_section=&#8221;no&#8221; text_align=&#8221;left&#8221; background_image_as_pattern=&#8221;without_pattern&#8221;][vc_column width=&#8221;1\/2&#8243;][vc_column_text css=&#8221;&#8221;]L\u2019alcoolisme, la migration, la traite des \u00eatres humains&#8230;<\/p>\n","protected":false},"author":1,"featured_media":0,"parent":7342,"menu_order":0,"comment_status":"closed","ping_status":"closed","template":"","meta":{"footnotes":""},"class_list":["post-7320","page","type-page","status-publish","hentry"],"_links":{"self":[{"href":"https:\/\/ciaokids.org\/en\/wp-json\/wp\/v2\/pages\/7320","targetHints":{"allow":["GET"]}}],"collection":[{"href":"https:\/\/ciaokids.org\/en\/wp-json\/wp\/v2\/pages"}],"about":[{"href":"https:\/\/ciaokids.org\/en\/wp-json\/wp\/v2\/types\/page"}],"author":[{"embeddable":true,"href":"https:\/\/ciaokids.org\/en\/wp-json\/wp\/v2\/users\/1"}],"replies":[{"embeddable":true,"href":"https:\/\/ciaokids.org\/en\/wp-json\/wp\/v2\/comments?post=7320"}],"version-history":[{"count":0,"href":"https:\/\/ciaokids.org\/en\/wp-json\/wp\/v2\/pages\/7320\/revisions"}],"up":[{"embeddable":true,"href":"https:\/\/ciaokids.org\/en\/wp-json\/wp\/v2\/pages\/7342"}],"wp:attachment":[{"href":"https:\/\/ciaokids.org\/en\/wp-json\/wp\/v2\/media?parent=7320"}],"curies":[{"name":"wp","href":"https:\/\/api.w.org\/{rel}","templated":true}]}}