{"id":8371,"date":"2025-01-23T07:43:17","date_gmt":"2025-01-23T06:43:17","guid":{"rendered":"https:\/\/ciaokids.org\/cksite\/die-stiftung\/unsere-partner\/"},"modified":"2025-02-05T18:59:54","modified_gmt":"2025-02-05T17:59:54","slug":"unsere-partner","status":"publish","type":"page","link":"https:\/\/ciaokids.org\/de\/die-stiftung\/unsere-partner\/","title":{"rendered":"Unsere Partner"},"content":{"rendered":"<div class=\"wpb-content-wrapper\"><p>[vc_row css_animation=&#8220;&#8220; row_type=&#8220;row&#8220; use_row_as_full_screen_section=&#8220;no&#8220; type=&#8220;full_width&#8220; angled_section=&#8220;no&#8220; text_align=&#8220;left&#8220; background_image_as_pattern=&#8220;without_pattern&#8220;][vc_column width=&#8220;1\/2&#8243;][vc_single_image image=&#8220;8680&#8243; img_size=&#8220;full&#8220; alignment=&#8220;center&#8220; css=&#8220;&#8220; qode_css_animation=&#8220;&#8220;][vc_empty_space][\/vc_column][vc_column width=&#8220;1\/2&#8243;][vc_column_text css=&#8220;&#8220;]Unser Ansatz ist adaptiv und zirkul\u00e4r: Die Analyse der Bed\u00fcrfnisse vor Ort erm\u00f6glicht es uns, L\u00fccken in bestehenden Systemen zu identifizieren und dann unsere Grundlage zu schaffen, um \u201edie fehlenden Glieder in der Kette zu vervollst\u00e4ndigen\u201c, indem wir Akteure st\u00e4rken und ausbilden. Arbeitspl\u00e4tze, die nicht existieren lokal.<\/p>\n<p>Wir arbeiten direkt mit <strong>zwei indischen<\/strong> und <strong>einer nepalesischen NGO<\/strong> zusammen, die aufgrund der Qualit\u00e4t ihrer Dienstleistungen und der Ernsthaftigkeit ihres Engagements f\u00fcr Stammesgemeinschaften ausgew\u00e4hlt wurden. Sie bestehen bereits seit vielen Jahren und <strong>sind von der indischen und nepalesischen Regierung offiziell anerkannt<\/strong>.<\/p>\n<p>Vor Beginn einer Zusammenarbeit analysiert ein Team von CIAO KIDS die Situation vor Ort und bespricht die Projekte. Anschlie\u00dfend wird ein offizieller Rechtsvertrag (Unternehmensvereinbarung) unterzeichnet, der jedes Jahr erneuert wird. Anschlie\u00dfend wird eine regelm\u00e4\u00dfige \u00dcberwachung durch viertelj\u00e4hrliche Vor-Ort-Besuche des CIAO KIDS-Teams sowie monatliche Videokonferenzen etabliert. Dar\u00fcber hinaus m\u00fcssen NGOs detaillierte T\u00e4tigkeitsberichte, ein Budgetmonitoring, eine j\u00e4hrliche Pr\u00fcfung sowie ein personalisiertes Monitoring aller direkten Beg\u00fcnstigten vorlegen.<\/p>\n<p>Die Zusammenarbeit mit jeder der NGOs basiert auf <strong>Genauigkeit<\/strong>, <strong>Transparenz<\/strong> und <strong>Vertrauen<\/strong>.[\/vc_column_text][\/vc_column][\/vc_row]<\/p>\n<\/div>","protected":false},"excerpt":{"rendered":"<p>[vc_row css_animation=&#8220;&#8220; row_type=&#8220;row&#8220; use_row_as_full_screen_section=&#8220;no&#8220; type=&#8220;full_width&#8220; angled_section=&#8220;no&#8220; text_align=&#8220;left&#8220; background_image_as_pattern=&#8220;without_pattern&#8220;][vc_column width=&#8220;1\/2&#8243;][vc_single_image image=&#8220;8680&#8243; img_size=&#8220;full&#8220; alignment=&#8220;center&#8220; css=&#8220;&#8220; qode_css_animation=&#8220;&#8220;][vc_empty_space][\/vc_column][vc_column width=&#8220;1\/2&#8243;][vc_column_text css=&#8220;&#8220;]Unser Ansatz ist adaptiv und zirkul\u00e4r: Die Analyse der Bed\u00fcrfnisse vor Ort erm\u00f6glicht es uns, L\u00fccken in bestehenden Systemen zu identifizieren und dann unsere Grundlage zu schaffen, um \u201edie fehlenden&#8230;<\/p>\n","protected":false},"author":1,"featured_media":0,"parent":6505,"menu_order":0,"comment_status":"closed","ping_status":"closed","template":"","meta":{"footnotes":""},"class_list":["post-8371","page","type-page","status-publish","hentry"],"_links":{"self":[{"href":"https:\/\/ciaokids.org\/de\/wp-json\/wp\/v2\/pages\/8371","targetHints":{"allow":["GET"]}}],"collection":[{"href":"https:\/\/ciaokids.org\/de\/wp-json\/wp\/v2\/pages"}],"about":[{"href":"https:\/\/ciaokids.org\/de\/wp-json\/wp\/v2\/types\/page"}],"author":[{"embeddable":true,"href":"https:\/\/ciaokids.org\/de\/wp-json\/wp\/v2\/users\/1"}],"replies":[{"embeddable":true,"href":"https:\/\/ciaokids.org\/de\/wp-json\/wp\/v2\/comments?post=8371"}],"version-history":[{"count":9,"href":"https:\/\/ciaokids.org\/de\/wp-json\/wp\/v2\/pages\/8371\/revisions"}],"predecessor-version":[{"id":9525,"href":"https:\/\/ciaokids.org\/de\/wp-json\/wp\/v2\/pages\/8371\/revisions\/9525"}],"up":[{"embeddable":true,"href":"https:\/\/ciaokids.org\/de\/wp-json\/wp\/v2\/pages\/6505"}],"wp:attachment":[{"href":"https:\/\/ciaokids.org\/de\/wp-json\/wp\/v2\/media?parent=8371"}],"curies":[{"name":"wp","href":"https:\/\/api.w.org\/{rel}","templated":true}]}}