{"id":7343,"date":"2024-10-31T08:46:34","date_gmt":"2024-10-31T07:46:34","guid":{"rendered":"https:\/\/ciaokids.org\/cksite\/les-projets\/"},"modified":"2025-01-31T21:48:33","modified_gmt":"2025-01-31T20:48:33","slug":"les-projets","status":"publish","type":"page","link":"https:\/\/ciaokids.org\/de\/les-projets\/","title":{"rendered":"Die Projekte"},"content":{"rendered":"<div class=\"wpb-content-wrapper\"><p>[vc_row css_animation=&#8220;&#8220; row_type=&#8220;row&#8220; use_row_as_full_screen_section=&#8220;no&#8220; type=&#8220;full_width&#8220; angled_section=&#8220;no&#8220; text_align=&#8220;left&#8220; background_image_as_pattern=&#8220;without_pattern&#8220;][vc_column][vc_column_text css=&#8220;&#8220;]<\/p>\n<h4><em>Seit 2008 verbessert die CIAO KIDS Foundation die Lebensbedingungen von Frauen und Kindern aus marginalisierten und stark benachteiligten Stammesfamilien der Adivasis und Dalit.<\/em><\/h4>\n<p>[\/vc_column_text][vc_empty_space][\/vc_column][\/vc_row][vc_row css_animation=&#8220;&#8220; row_type=&#8220;row&#8220; use_row_as_full_screen_section=&#8220;no&#8220; type=&#8220;full_width&#8220; angled_section=&#8220;no&#8220; text_align=&#8220;center&#8220; background_image_as_pattern=&#8220;without_pattern&#8220; z_index=&#8220;&#8220;][vc_column width=&#8220;1\/2&#8243;][vc_column_text css=&#8220;&#8220;]<\/p>\n<p style=\"text-align: left;\">Wir arbeiten daran, unsere Beg\u00fcnstigten in die Gesellschaft zu integrieren, ihre Handlungskraft zu aktivieren und Entwicklungs- und Besch\u00e4ftigungsm\u00f6glichkeiten im Hinblick auf echte Inklusion zu schaffen.<\/p>\n<p style=\"text-align: left;\">Mehr als <strong>8.823 Kinder<\/strong> hatten dank angemessener Unterst\u00fctzung f\u00fcr ihre spezifischen Bed\u00fcrfnisse Zugang zum Bildungssystem und fast <strong>31.141 Frauen<\/strong> wurden ausgebildet und dabei unterst\u00fctzt, unabh\u00e4ngig zu werden, was indirekt auch ihren Familien zugute kommt.<\/p>\n<p style=\"text-align: left;\">W\u00e4hrend der Pandemie haben wir au\u00dferdem <strong>5.176 Familien<\/strong> mit Nahrungsmitteln und medizinischer Nothilfe unterst\u00fctzt.<\/p>\n<p>[\/vc_column_text][vc_empty_space][\/vc_column][vc_column width=&#8220;1\/2&#8243;][vc_empty_space]<a  itemprop=\"url\" href=\"https:\/\/ciaokids.org\/cksite\/de\/nous-soutenir\/\" target=\"_self\"  class=\"qbutton  big_large center default  qode-button-shadow\" style=\"margin: 10px auto 10px auto; \">Eine Spende machen<i class=\"qode_icon_font_awesome fa fa-heart qode_button_icon_element\"><\/i><\/a>[vc_empty_space][\/vc_column][\/vc_row][vc_row css_animation=&#8220;&#8220; row_type=&#8220;row&#8220; use_row_as_full_screen_section=&#8220;no&#8220; type=&#8220;full_width&#8220; angled_section=&#8220;no&#8220; text_align=&#8220;left&#8220; background_image_as_pattern=&#8220;without_pattern&#8220;][vc_column][vc_column_text css=&#8220;&#8220;]<\/p>\n<h2>Kinderprojekte<\/h2>\n<p>[\/vc_column_text][vc_empty_space]<div class='projects_holder_outer v4 portfolio_with_space portfolio_standard'>\n        <div class='projects_holder portfolio_main_holder clearfix v4 standard portfolio_square_image portfolio_one_by_one'>\n        \n        <article class='mix portfolio_category_37 default' style=''>\n    \n    \n    \n    \n            <div class=\"item_holder subtle_vertical_hover\">\n\n                    <div class=\"text_holder\">\n        <div class=\"text_holder_outer\">\n            <div class=\"text_holder_inner\">\n                                        <div class=\"icons_holder\">\n\n                                \n                                        <a itemprop=\"url\" class=\"preview\" title=\"Go to Project \" href=\"https:\/\/ciaokids.org\/de\/portfolio_page\/schulpakete\/\" data-type=\"portfolio_list\" target=\"_self\" ><\/a>\n    \n                                \n                            <\/div>\n                                    <\/div>\n        <\/div>\n    <\/div>\n\n                \n                <div style=\"background-color: #009EA780\" class=\"portfolio_shader\"><\/div>\n                <div class=\"image_holder\">\n                    \n<span class='image'><img loading=\"lazy\" decoding=\"async\" width=\"570\" height=\"570\" src=\"https:\/\/ciaokids.org\/cksite\/wp-content\/uploads\/2025\/01\/kits-scolaires_3-570x570.jpg\" class=\"attachment-portfolio-square size-portfolio-square wp-post-image\" alt=\"\" srcset=\"https:\/\/ciaokids.org\/cksite\/wp-content\/uploads\/2025\/01\/kits-scolaires_3-570x570.jpg 570w, https:\/\/ciaokids.org\/cksite\/wp-content\/uploads\/2025\/01\/kits-scolaires_3-500x500.jpg 500w, https:\/\/ciaokids.org\/cksite\/wp-content\/uploads\/2025\/01\/kits-scolaires_3-1000x1000.jpg 1000w\" sizes=\"auto, (max-width: 570px) 100vw, 570px\" \/><\/span>                <\/div>\n            <\/div>\n\n                <div class='portfolio_description text_align_left' style=background-color:#FFFFFF;'>\n\n        \n    <h5 itemprop=\"name\" class=\"portfolio_title entry_title\"><a itemprop=\"url\" href=\"https:\/\/ciaokids.org\/de\/portfolio_page\/schulpakete\/\"  target=\"_self\"> Schulpakete<\/a><\/h5>\n\n\n        \n            <span class=\"project_category\" style=\"color: #FFFFFF\" >\n    Kinder    <\/span>\n\n    <\/div>\n\n        \n<\/article>\n<article class='mix portfolio_category_37 default' style=''>\n    \n    \n    \n    \n            <div class=\"item_holder subtle_vertical_hover\">\n\n                    <div class=\"text_holder\">\n        <div class=\"text_holder_outer\">\n            <div class=\"text_holder_inner\">\n                                        <div class=\"icons_holder\">\n\n                                \n                                        <a itemprop=\"url\" class=\"preview\" title=\"Go to Project \" href=\"https:\/\/ciaokids.org\/de\/portfolio_page\/mittagessen\/\" data-type=\"portfolio_list\" target=\"_self\" ><\/a>\n    \n                                \n                            <\/div>\n                                    <\/div>\n        <\/div>\n    <\/div>\n\n                \n                <div style=\"background-color: #009EA780\" class=\"portfolio_shader\"><\/div>\n                <div class=\"image_holder\">\n                    \n<span class='image'><img loading=\"lazy\" decoding=\"async\" width=\"570\" height=\"570\" src=\"https:\/\/ciaokids.org\/cksite\/wp-content\/uploads\/2025\/01\/repas-midi_4-570x570.jpg\" class=\"attachment-portfolio-square size-portfolio-square wp-post-image\" alt=\"\" srcset=\"https:\/\/ciaokids.org\/cksite\/wp-content\/uploads\/2025\/01\/repas-midi_4-570x570.jpg 570w, https:\/\/ciaokids.org\/cksite\/wp-content\/uploads\/2025\/01\/repas-midi_4-500x500.jpg 500w, https:\/\/ciaokids.org\/cksite\/wp-content\/uploads\/2025\/01\/repas-midi_4-1000x1000.jpg 1000w\" sizes=\"auto, (max-width: 570px) 100vw, 570px\" \/><\/span>                <\/div>\n            <\/div>\n\n                <div class='portfolio_description text_align_left' style=background-color:#FFFFFF;'>\n\n        \n    <h5 itemprop=\"name\" class=\"portfolio_title entry_title\"><a itemprop=\"url\" href=\"https:\/\/ciaokids.org\/de\/portfolio_page\/mittagessen\/\"  target=\"_self\"> Mittagessen<\/a><\/h5>\n\n\n        \n            <span class=\"project_category\" style=\"color: #FFFFFF\" >\n    Kinder    <\/span>\n\n    <\/div>\n\n        \n<\/article>\n<article class='mix portfolio_category_37 default' style=''>\n    \n    \n    \n    \n            <div class=\"item_holder subtle_vertical_hover\">\n\n                    <div class=\"text_holder\">\n        <div class=\"text_holder_outer\">\n            <div class=\"text_holder_inner\">\n                                        <div class=\"icons_holder\">\n\n                                \n                                        <a itemprop=\"url\" class=\"preview\" title=\"Go to Project \" href=\"https:\/\/ciaokids.org\/de\/portfolio_page\/zentrum-fuer-sehbehinderte-jugendliche\/\" data-type=\"portfolio_list\" target=\"_self\" ><\/a>\n    \n                                \n                            <\/div>\n                                    <\/div>\n        <\/div>\n    <\/div>\n\n                \n                <div style=\"background-color: #009EA780\" class=\"portfolio_shader\"><\/div>\n                <div class=\"image_holder\">\n                    \n<span class='image'><img loading=\"lazy\" decoding=\"async\" width=\"570\" height=\"570\" src=\"https:\/\/ciaokids.org\/cksite\/wp-content\/uploads\/2025\/01\/jeunes-malvoyants_2-570x570.jpg\" class=\"attachment-portfolio-square size-portfolio-square wp-post-image\" alt=\"\" srcset=\"https:\/\/ciaokids.org\/cksite\/wp-content\/uploads\/2025\/01\/jeunes-malvoyants_2-570x570.jpg 570w, https:\/\/ciaokids.org\/cksite\/wp-content\/uploads\/2025\/01\/jeunes-malvoyants_2-500x500.jpg 500w, https:\/\/ciaokids.org\/cksite\/wp-content\/uploads\/2025\/01\/jeunes-malvoyants_2-1000x1000.jpg 1000w\" sizes=\"auto, (max-width: 570px) 100vw, 570px\" \/><\/span>                <\/div>\n            <\/div>\n\n                <div class='portfolio_description text_align_left' style=background-color:#FFFFFF;'>\n\n        \n    <h5 itemprop=\"name\" class=\"portfolio_title entry_title\"><a itemprop=\"url\" href=\"https:\/\/ciaokids.org\/de\/portfolio_page\/zentrum-fuer-sehbehinderte-jugendliche\/\"  target=\"_self\"> Zentrum f\u00fcr sehbehinderte Jugendliche<\/a><\/h5>\n\n\n        \n            <span class=\"project_category\" style=\"color: #FFFFFF\" >\n    Kinder    <\/span>\n\n    <\/div>\n\n        \n<\/article>\n<article class='mix portfolio_category_37 default' style=''>\n    \n    \n    \n    \n            <div class=\"item_holder subtle_vertical_hover\">\n\n                    <div class=\"text_holder\">\n        <div class=\"text_holder_outer\">\n            <div class=\"text_holder_inner\">\n                                        <div class=\"icons_holder\">\n\n                                \n                                        <a itemprop=\"url\" class=\"preview\" title=\"Go to Project \" href=\"https:\/\/ciaokids.org\/de\/portfolio_page\/pflegeheime\/\" data-type=\"portfolio_list\" target=\"_self\" ><\/a>\n    \n                                \n                            <\/div>\n                                    <\/div>\n        <\/div>\n    <\/div>\n\n                \n                <div style=\"background-color: #009EA780\" class=\"portfolio_shader\"><\/div>\n                <div class=\"image_holder\">\n                    \n<span class='image'><img loading=\"lazy\" decoding=\"async\" width=\"570\" height=\"570\" src=\"https:\/\/ciaokids.org\/cksite\/wp-content\/uploads\/2025\/01\/foyer_01-570x570.jpg\" class=\"attachment-portfolio-square size-portfolio-square wp-post-image\" alt=\"\" srcset=\"https:\/\/ciaokids.org\/cksite\/wp-content\/uploads\/2025\/01\/foyer_01-570x570.jpg 570w, https:\/\/ciaokids.org\/cksite\/wp-content\/uploads\/2025\/01\/foyer_01-500x500.jpg 500w\" sizes=\"auto, (max-width: 570px) 100vw, 570px\" \/><\/span>                <\/div>\n            <\/div>\n\n                <div class='portfolio_description text_align_left' style=background-color:#FFFFFF;'>\n\n        \n    <h5 itemprop=\"name\" class=\"portfolio_title entry_title\"><a itemprop=\"url\" href=\"https:\/\/ciaokids.org\/de\/portfolio_page\/pflegeheime\/\"  target=\"_self\"> Pflegeheime<\/a><\/h5>\n\n\n        \n            <span class=\"project_category\" style=\"color: #FFFFFF\" >\n    Kinder    <\/span>\n\n    <\/div>\n\n        \n<\/article>\n        <div class='filler'><\/div>\n            <div class='filler'><\/div>\n            <div class='filler'><\/div>\n            <div class='filler'><\/div>\n        <\/div>\n\n    \n    <\/div>[\/vc_column][\/vc_row][vc_row css_animation=&#8220;&#8220; row_type=&#8220;row&#8220; use_row_as_full_screen_section=&#8220;no&#8220; type=&#8220;full_width&#8220; angled_section=&#8220;no&#8220; text_align=&#8220;left&#8220; background_image_as_pattern=&#8220;without_pattern&#8220;][vc_column][vc_column_text css=&#8220;&#8220;]<\/p>\n<h2>Frauenprojekte<\/h2>\n<p>[\/vc_column_text][vc_empty_space]<div class='projects_holder_outer v4 portfolio_with_space portfolio_standard'>\n        <div class='projects_holder portfolio_main_holder clearfix v4 standard portfolio_square_image portfolio_one_by_one'>\n        \n        <article class='mix portfolio_category_36 default' style=''>\n    \n    \n    \n    \n            <div class=\"item_holder subtle_vertical_hover\">\n\n                    <div class=\"text_holder\">\n        <div class=\"text_holder_outer\">\n            <div class=\"text_holder_inner\">\n                                        <div class=\"icons_holder\">\n\n                                \n                                        <a itemprop=\"url\" class=\"preview\" title=\"Go to Project \" href=\"https:\/\/ciaokids.org\/de\/portfolio_page\/selbstmanagementgruppen\/\" data-type=\"portfolio_list\" target=\"_self\" ><\/a>\n    \n                                \n                            <\/div>\n                                    <\/div>\n        <\/div>\n    <\/div>\n\n                \n                <div style=\"background-color: #009EA780\" class=\"portfolio_shader\"><\/div>\n                <div class=\"image_holder\">\n                    \n<span class='image'><img loading=\"lazy\" decoding=\"async\" width=\"570\" height=\"570\" src=\"https:\/\/ciaokids.org\/cksite\/wp-content\/uploads\/2025\/01\/SHG_4-570x570.jpg\" class=\"attachment-portfolio-square size-portfolio-square wp-post-image\" alt=\"\" srcset=\"https:\/\/ciaokids.org\/cksite\/wp-content\/uploads\/2025\/01\/SHG_4-570x570.jpg 570w, https:\/\/ciaokids.org\/cksite\/wp-content\/uploads\/2025\/01\/SHG_4-500x500.jpg 500w, https:\/\/ciaokids.org\/cksite\/wp-content\/uploads\/2025\/01\/SHG_4-1000x1000.jpg 1000w\" sizes=\"auto, (max-width: 570px) 100vw, 570px\" \/><\/span>                <\/div>\n            <\/div>\n\n                <div class='portfolio_description text_align_left' style=background-color:#FFFFFF;'>\n\n        \n    <h5 itemprop=\"name\" class=\"portfolio_title entry_title\"><a itemprop=\"url\" href=\"https:\/\/ciaokids.org\/de\/portfolio_page\/selbstmanagementgruppen\/\"  target=\"_self\"> Selbstmanagementgruppen<\/a><\/h5>\n\n\n        \n            <span class=\"project_category\" style=\"color: #FFFFFF\" >\n    Frauen    <\/span>\n\n    <\/div>\n\n        \n<\/article>\n<article class='mix portfolio_category_36 default' style=''>\n    \n    \n    \n    \n            <div class=\"item_holder subtle_vertical_hover\">\n\n                    <div class=\"text_holder\">\n        <div class=\"text_holder_outer\">\n            <div class=\"text_holder_inner\">\n                                        <div class=\"icons_holder\">\n\n                                \n                                        <a itemprop=\"url\" class=\"preview\" title=\"Go to Project \" href=\"https:\/\/ciaokids.org\/de\/portfolio_page\/sensibilisierungsprogramm\/\" data-type=\"portfolio_list\" target=\"_self\" ><\/a>\n    \n                                \n                            <\/div>\n                                    <\/div>\n        <\/div>\n    <\/div>\n\n                \n                <div style=\"background-color: #009EA780\" class=\"portfolio_shader\"><\/div>\n                <div class=\"image_holder\">\n                    \n<span class='image'><img loading=\"lazy\" decoding=\"async\" width=\"570\" height=\"570\" src=\"https:\/\/ciaokids.org\/cksite\/wp-content\/uploads\/2025\/01\/sensibilisation-570x570.jpg\" class=\"attachment-portfolio-square size-portfolio-square wp-post-image\" alt=\"\" srcset=\"https:\/\/ciaokids.org\/cksite\/wp-content\/uploads\/2025\/01\/sensibilisation-570x570.jpg 570w, https:\/\/ciaokids.org\/cksite\/wp-content\/uploads\/2025\/01\/sensibilisation-500x500.jpg 500w, https:\/\/ciaokids.org\/cksite\/wp-content\/uploads\/2025\/01\/sensibilisation-1000x1000.jpg 1000w\" sizes=\"auto, (max-width: 570px) 100vw, 570px\" \/><\/span>                <\/div>\n            <\/div>\n\n                <div class='portfolio_description text_align_left' style=background-color:#FFFFFF;'>\n\n        \n    <h5 itemprop=\"name\" class=\"portfolio_title entry_title\"><a itemprop=\"url\" href=\"https:\/\/ciaokids.org\/de\/portfolio_page\/sensibilisierungsprogramm\/\"  target=\"_self\"> Sensibilisierungsprogramm<\/a><\/h5>\n\n\n        \n            <span class=\"project_category\" style=\"color: #FFFFFF\" >\n    Frauen    <\/span>\n\n    <\/div>\n\n        \n<\/article>\n<article class='mix portfolio_category_36 default' style=''>\n    \n    \n    \n    \n            <div class=\"item_holder subtle_vertical_hover\">\n\n                    <div class=\"text_holder\">\n        <div class=\"text_holder_outer\">\n            <div class=\"text_holder_inner\">\n                                        <div class=\"icons_holder\">\n\n                                \n                                        <a itemprop=\"url\" class=\"preview\" title=\"Go to Project \" href=\"https:\/\/ciaokids.org\/de\/portfolio_page\/berufsausbildung\/\" data-type=\"portfolio_list\" target=\"_self\" ><\/a>\n    \n                                \n                            <\/div>\n                                    <\/div>\n        <\/div>\n    <\/div>\n\n                \n                <div style=\"background-color: #009EA780\" class=\"portfolio_shader\"><\/div>\n                <div class=\"image_holder\">\n                    \n<span class='image'><img loading=\"lazy\" decoding=\"async\" width=\"570\" height=\"570\" src=\"https:\/\/ciaokids.org\/cksite\/wp-content\/uploads\/2025\/01\/formation-prof_4-570x570.jpg\" class=\"attachment-portfolio-square size-portfolio-square wp-post-image\" alt=\"\" srcset=\"https:\/\/ciaokids.org\/cksite\/wp-content\/uploads\/2025\/01\/formation-prof_4-570x570.jpg 570w, https:\/\/ciaokids.org\/cksite\/wp-content\/uploads\/2025\/01\/formation-prof_4-500x500.jpg 500w, https:\/\/ciaokids.org\/cksite\/wp-content\/uploads\/2025\/01\/formation-prof_4-1000x1000.jpg 1000w\" sizes=\"auto, (max-width: 570px) 100vw, 570px\" \/><\/span>                <\/div>\n            <\/div>\n\n                <div class='portfolio_description text_align_left' style=background-color:#FFFFFF;'>\n\n        \n    <h5 itemprop=\"name\" class=\"portfolio_title entry_title\"><a itemprop=\"url\" href=\"https:\/\/ciaokids.org\/de\/portfolio_page\/berufsausbildung\/\"  target=\"_self\"> Berufsausbildung<\/a><\/h5>\n\n\n        \n            <span class=\"project_category\" style=\"color: #FFFFFF\" >\n    Frauen    <\/span>\n\n    <\/div>\n\n        \n<\/article>\n        <div class='filler'><\/div>\n            <div class='filler'><\/div>\n            <div class='filler'><\/div>\n            <div class='filler'><\/div>\n        <\/div>\n\n    \n    <\/div>[vc_empty_space][\/vc_column][\/vc_row]<\/p>\n<\/div>","protected":false},"excerpt":{"rendered":"<p>[vc_row css_animation=&#8220;&#8220; row_type=&#8220;row&#8220; use_row_as_full_screen_section=&#8220;no&#8220; type=&#8220;full_width&#8220; angled_section=&#8220;no&#8220; text_align=&#8220;left&#8220; background_image_as_pattern=&#8220;without_pattern&#8220;][vc_column][vc_column_text css=&#8220;&#8220;] Seit 2008 verbessert die CIAO KIDS Foundation die Lebensbedingungen von Frauen und Kindern aus marginalisierten und stark benachteiligten Stammesfamilien der Adivasis und Dalit. [\/vc_column_text][vc_empty_space][\/vc_column][\/vc_row][vc_row css_animation=&#8220;&#8220; row_type=&#8220;row&#8220; use_row_as_full_screen_section=&#8220;no&#8220; type=&#8220;full_width&#8220; angled_section=&#8220;no&#8220; text_align=&#8220;center&#8220; background_image_as_pattern=&#8220;without_pattern&#8220; z_index=&#8220;&#8220;][vc_column width=&#8220;1\/2&#8243;][vc_column_text css=&#8220;&#8220;] Wir arbeiten&#8230;<\/p>\n","protected":false},"author":1,"featured_media":0,"parent":0,"menu_order":0,"comment_status":"closed","ping_status":"closed","template":"","meta":{"footnotes":""},"class_list":["post-7343","page","type-page","status-publish","hentry"],"_links":{"self":[{"href":"https:\/\/ciaokids.org\/de\/wp-json\/wp\/v2\/pages\/7343","targetHints":{"allow":["GET"]}}],"collection":[{"href":"https:\/\/ciaokids.org\/de\/wp-json\/wp\/v2\/pages"}],"about":[{"href":"https:\/\/ciaokids.org\/de\/wp-json\/wp\/v2\/types\/page"}],"author":[{"embeddable":true,"href":"https:\/\/ciaokids.org\/de\/wp-json\/wp\/v2\/users\/1"}],"replies":[{"embeddable":true,"href":"https:\/\/ciaokids.org\/de\/wp-json\/wp\/v2\/comments?post=7343"}],"version-history":[{"count":9,"href":"https:\/\/ciaokids.org\/de\/wp-json\/wp\/v2\/pages\/7343\/revisions"}],"predecessor-version":[{"id":9629,"href":"https:\/\/ciaokids.org\/de\/wp-json\/wp\/v2\/pages\/7343\/revisions\/9629"}],"wp:attachment":[{"href":"https:\/\/ciaokids.org\/de\/wp-json\/wp\/v2\/media?parent=7343"}],"curies":[{"name":"wp","href":"https:\/\/api.w.org\/{rel}","templated":true}]}}