{"id":7337,"date":"2024-10-31T08:47:27","date_gmt":"2024-10-31T07:47:27","guid":{"rendered":"https:\/\/ciaokids.org\/cksite\/nous-soutenir\/"},"modified":"2026-03-31T21:14:34","modified_gmt":"2026-03-31T19:14:34","slug":"nous-soutenir","status":"publish","type":"page","link":"https:\/\/ciaokids.org\/de\/nous-soutenir\/","title":{"rendered":"Unterst\u00fctzen Sie uns"},"content":{"rendered":"<div class=\"wpb-content-wrapper\"><p>[vc_row css_animation=&#8220;&#8220; row_type=&#8220;row&#8220; use_row_as_full_screen_section=&#8220;no&#8220; type=&#8220;full_width&#8220; angled_section=&#8220;no&#8220; text_align=&#8220;left&#8220; background_image_as_pattern=&#8220;without_pattern&#8220;][vc_column][vc_column_text css=&#8220;&#8220;]<\/p>\n<h4><em>Helfen Sie uns, einen Unterschied zu machen<\/em><\/h4>\n<p>[\/vc_column_text][vc_empty_space][vc_column_text css=&#8220;&#8220;]<strong>Ihre Spenden werden vollst\u00e4ndig f\u00fcr die Erf\u00fcllung unserer Aufgabe in Indien und Nepal verwendet. <\/strong>Die Verwaltungskosten in der Schweiz (Miete, Sekretariat, Kommunikation, Fundraising) werden vollst\u00e4ndig von F\u00f6rderern \u00fcbernommen. Und <strong>Sie erhalten eine Bescheinigung, damit Ihre Spende steuerlich abzugsf\u00e4hig ist.<\/strong>[\/vc_column_text][vc_empty_space][\/vc_column][\/vc_row][vc_row css_animation=&#8220;&#8220; row_type=&#8220;row&#8220; use_row_as_full_screen_section=&#8220;no&#8220; type=&#8220;full_width&#8220; angled_section=&#8220;no&#8220; text_align=&#8220;left&#8220; background_image_as_pattern=&#8220;without_pattern&#8220;][vc_column][qode_elements_holder number_of_columns=&#8220;three_columns&#8220; three_columns_proportion=&#8220;50_25_25&#8243;][qode_elements_holder_item vertical_alignment=&#8220;top&#8220; horizontal_alignment=&#8220;left&#8220; advanced_animations=&#8220;no&#8220; background_color=&#8220;#FFE8D2&#8243; item_padding=&#8220;10px 10px 10px 10px&#8220; custom_class=&#8220;borderz&#8220;][vc_column_text css=&#8220;&#8220;]<\/p>\n<h5 class=\"vc_custom_heading\"><strong>E-banking<\/strong><\/h5>\n<p style=\"font-weight: 400;\">UBS Switzerland AG<br \/>\n8070 Z\u00fcrich<br \/>\n<strong>CH67 0024 4244 1356 2701 R<\/strong><\/p>\n<p>Scannen Sie den QR-Code und spenden Sie direkt \u00fcber Ihr E-Banking<\/p>\n<p class=\"vc_empty_space\"><strong> <\/strong><\/p>\n<p>[\/vc_column_text][\/qode_elements_holder_item][qode_elements_holder_item vertical_alignment=&#8220;middle&#8220; horizontal_alignment=&#8220;center&#8220; advanced_animations=&#8220;yes&#8220; start_position=&#8220;center&#8220; end_position=&#8220;center&#8220; background_color=&#8220;#FFE8D2&#8243; item_padding=&#8220;10px 10px 10px 10px&#8220; custom_class=&#8220;borderz&#8220;][vc_single_image image=&#8220;10535&#8243; img_size=&#8220;200&#215;200&#8243; alignment=&#8220;center&#8220; css=&#8220;&#8220; qode_css_animation=&#8220;&#8220;][\/qode_elements_holder_item][qode_elements_holder_item vertical_alignment=&#8220;top&#8220; horizontal_alignment=&#8220;center&#8220; advanced_animations=&#8220;no&#8220; item_padding=&#8220;10px 10px 10px 10px&#8220; background_color=&#8220;#E6F4F1&#8243; custom_class=&#8220;borderz&#8220;][vc_column_text css=&#8220;&#8220;]<\/p>\n<h5 class=\"vc_custom_heading\" style=\"text-align: left;\">Raisenow<\/h5>\n<p class=\"vc_empty_space\" style=\"text-align: left;\"><em>Raisenow ist eine sichere Online-Spendensammelplattform. Nachdem Sie auf die Schaltfl\u00e4che unten geklickt haben, werden Sie zum Spendenformular von raisenow weitergeleitet. DANKE!   <\/em><\/p>\n<p>[\/vc_column_text][vc_empty_space]<a  itemprop=\"url\" href=\"https:\/\/donate.raisenow.io\/fjxmh?analytics.channel=button&#038;lng=de\" target=\"_blank\"  class=\"qbutton  big_large center default\" style=\"\">Geben Sie<i class=\"qode_icon_font_awesome fa fa-heart qode_button_icon_element\"><\/i><\/a>[vc_empty_space][\/qode_elements_holder_item][\/qode_elements_holder][vc_empty_space][\/vc_column][\/vc_row]<\/p>\n<\/div>","protected":false},"excerpt":{"rendered":"<p>[vc_row css_animation=&#8220;&#8220; row_type=&#8220;row&#8220; use_row_as_full_screen_section=&#8220;no&#8220; type=&#8220;full_width&#8220; angled_section=&#8220;no&#8220; text_align=&#8220;left&#8220; background_image_as_pattern=&#8220;without_pattern&#8220;][vc_column][vc_column_text css=&#8220;&#8220;] Helfen Sie uns, einen Unterschied zu machen [\/vc_column_text][vc_empty_space][vc_column_text css=&#8220;&#8220;]Ihre Spenden werden vollst\u00e4ndig f\u00fcr die Erf\u00fcllung unserer Aufgabe in Indien und Nepal verwendet. Die Verwaltungskosten in der Schweiz (Miete, Sekretariat, Kommunikation, Fundraising) werden vollst\u00e4ndig von F\u00f6rderern \u00fcbernommen&#8230;.<\/p>\n","protected":false},"author":1,"featured_media":0,"parent":0,"menu_order":0,"comment_status":"closed","ping_status":"closed","template":"","meta":{"footnotes":""},"class_list":["post-7337","page","type-page","status-publish","hentry"],"_links":{"self":[{"href":"https:\/\/ciaokids.org\/de\/wp-json\/wp\/v2\/pages\/7337","targetHints":{"allow":["GET"]}}],"collection":[{"href":"https:\/\/ciaokids.org\/de\/wp-json\/wp\/v2\/pages"}],"about":[{"href":"https:\/\/ciaokids.org\/de\/wp-json\/wp\/v2\/types\/page"}],"author":[{"embeddable":true,"href":"https:\/\/ciaokids.org\/de\/wp-json\/wp\/v2\/users\/1"}],"replies":[{"embeddable":true,"href":"https:\/\/ciaokids.org\/de\/wp-json\/wp\/v2\/comments?post=7337"}],"version-history":[{"count":14,"href":"https:\/\/ciaokids.org\/de\/wp-json\/wp\/v2\/pages\/7337\/revisions"}],"predecessor-version":[{"id":10542,"href":"https:\/\/ciaokids.org\/de\/wp-json\/wp\/v2\/pages\/7337\/revisions\/10542"}],"wp:attachment":[{"href":"https:\/\/ciaokids.org\/de\/wp-json\/wp\/v2\/media?parent=7337"}],"curies":[{"name":"wp","href":"https:\/\/api.w.org\/{rel}","templated":true}]}}