{"id":7335,"date":"2025-01-23T07:43:54","date_gmt":"2025-01-23T06:43:54","guid":{"rendered":"https:\/\/ciaokids.org\/cksite\/die-stiftung\/nos-rapports-dactivite\/"},"modified":"2025-12-09T10:51:59","modified_gmt":"2025-12-09T09:51:59","slug":"nos-rapports-dactivite","status":"publish","type":"page","link":"https:\/\/ciaokids.org\/de\/die-stiftung\/nos-rapports-dactivite\/","title":{"rendered":"Unsere Aktivit\u00e4tsberichte"},"content":{"rendered":"<div class=\"wpb-content-wrapper\"><p>[vc_row css_animation=&#8220;&#8220; row_type=&#8220;row&#8220; use_row_as_full_screen_section=&#8220;no&#8220; type=&#8220;full_width&#8220; angled_section=&#8220;no&#8220; text_align=&#8220;left&#8220; background_image_as_pattern=&#8220;without_pattern&#8220;][vc_column width=&#8220;1\/2&#8243;][vc_single_image image=&#8220;104&#8243; img_size=&#8220;full&#8220; alignment=&#8220;center&#8220; css=&#8220;&#8220; qode_css_animation=&#8220;&#8220;][vc_empty_space][\/vc_column][vc_column width=&#8220;1\/2&#8243;][vc_column_text css=&#8220;&#8220; el_class=&#8220;ra&#8220;]<\/p>\n<h4>Klicken Sie auf die Links, um auf die Berichte zuzugreifen<\/h4>\n<p>[\/vc_column_text][vc_empty_space][vc_column_text css=&#8220;&#8220; el_class=&#8220;ra&#8220;]<\/p>\n<ul>\n<li><a href=\"https:\/\/ciaokids.org\/cksite\/wp-content\/uploads\/2025\/12\/Rapport-dactivite-2025.pdf\" target=\"_blank\" rel=\"noopener\">Aktivit\u00e4tsbericht 2025<\/a><\/li>\n<li><a href=\"https:\/\/ciaokids.org\/cksite\/wp-content\/uploads\/2025\/01\/Deutch-Tatigkeitsberich-2024.pdf\" target=\"_blank\" rel=\"noopener\">Aktivit\u00e4tsbericht 2024<\/a><\/li>\n<li><a href=\"https:\/\/ciaokids.org\/cksite\/wp-content\/uploads\/2025\/01\/Ciaokids-rapport_d_activite-2023-fr.pdf\" target=\"_blank\" rel=\"noopener\">Aktivit\u00e4tsbericht 2023<\/a><\/li>\n<li><a href=\"https:\/\/ciaokids.org\/cksite\/wp-content\/uploads\/2025\/01\/Ciaokids-rapport_d_activite-2022-fr.pdf\" target=\"_blank\" rel=\"noopener\">Aktivit\u00e4tsbericht 2022<\/a><\/li>\n<li><a href=\"https:\/\/ciaokids.org\/cksite\/wp-content\/uploads\/2025\/01\/Ciaokids-rapport_d_activite-2021-fr.pdf\" target=\"_blank\" rel=\"noopener\">Aktivit\u00e4tsbericht 2021<\/a><\/li>\n<li><a href=\"https:\/\/ciaokids.org\/cksite\/wp-content\/uploads\/2025\/01\/Ciaokids-rapport_d_activite-2020-fr.pdf\" target=\"_blank\" rel=\"noopener\">Aktivit\u00e4tsbericht 2020<\/a><\/li>\n<li><a href=\"https:\/\/ciaokids.org\/cksite\/wp-content\/uploads\/2025\/01\/Ciaokids-rapport_d_activite-2019-fr.pdf\" target=\"_blank\" rel=\"noopener\">Aktivit\u00e4tsbericht 2019<\/a><\/li>\n<li><a href=\"https:\/\/ciaokids.org\/cksite\/wp-content\/uploads\/2025\/01\/Ciaokids-rapport_d_activite-2018-fr.pdf\" target=\"_blank\" rel=\"noopener\">Aktivit\u00e4tsbericht 2018<\/a><\/li>\n<li><a href=\"https:\/\/ciaokids.org\/cksite\/wp-content\/uploads\/2025\/01\/Ciaokids-rapport_d_activite-2017-fr.pdf\" target=\"_blank\" rel=\"noopener\">Aktivit\u00e4tsbericht 2017<\/a><\/li>\n<li><a href=\"https:\/\/ciaokids.org\/cksite\/wp-content\/uploads\/2025\/01\/Ciaokids-rapport_d_activite-2016-fr.pdf\" target=\"_blank\" rel=\"noopener\">Aktivit\u00e4tsbericht 2016<\/a><\/li>\n<li><a href=\"https:\/\/ciaokids.org\/cksite\/wp-content\/uploads\/2025\/01\/Ciaokids-rapport_d_activite-2015-fr.pdf\" target=\"_blank\" rel=\"noopener\">Aktivit\u00e4tsbericht 2015<\/a><\/li>\n<li><a href=\"https:\/\/ciaokids.org\/cksite\/wp-content\/uploads\/2025\/01\/Ciaokids-rapport_d_activite-2014-fr.pdf\" target=\"_blank\" rel=\"noopener\">Aktivit\u00e4tsbericht 2014<\/a><\/li>\n<li><a href=\"https:\/\/ciaokids.org\/cksite\/wp-content\/uploads\/2025\/01\/Ciaokids-rapport_d_activite-2013-fr.pdf\" target=\"_blank\" rel=\"noopener\">Aktivit\u00e4tsbericht 2013<\/a><\/li>\n<li><a href=\"https:\/\/ciaokids.org\/cksite\/wp-content\/uploads\/2025\/01\/Ciaokids-rapport_d_activite-2012-fr.pdf\" target=\"_blank\" rel=\"noopener\">Aktivit\u00e4tsbericht 2012<\/a><\/li>\n<\/ul>\n<p>[\/vc_column_text][vc_empty_space][vc_column_text css=&#8220;&#8220;]<\/p>\n<h4>Bitte z\u00f6gern Sie nicht, uns bei weiteren Fragen zu kontaktieren.<\/h4>\n<p>[\/vc_column_text][\/vc_column][\/vc_row]<\/p>\n<\/div>","protected":false},"excerpt":{"rendered":"<p>[vc_row css_animation=&#8220;&#8220; row_type=&#8220;row&#8220; use_row_as_full_screen_section=&#8220;no&#8220; type=&#8220;full_width&#8220; angled_section=&#8220;no&#8220; text_align=&#8220;left&#8220; background_image_as_pattern=&#8220;without_pattern&#8220;][vc_column width=&#8220;1\/2&#8243;][vc_single_image image=&#8220;104&#8243; img_size=&#8220;full&#8220; alignment=&#8220;center&#8220; css=&#8220;&#8220; qode_css_animation=&#8220;&#8220;][vc_empty_space][\/vc_column][vc_column width=&#8220;1\/2&#8243;][vc_column_text css=&#8220;&#8220; el_class=&#8220;ra&#8220;] Klicken Sie auf die Links, um auf die Berichte zuzugreifen [\/vc_column_text][vc_empty_space][vc_column_text css=&#8220;&#8220; el_class=&#8220;ra&#8220;] Aktivit\u00e4tsbericht 2025 Aktivit\u00e4tsbericht 2024 Aktivit\u00e4tsbericht 2023 Aktivit\u00e4tsbericht 2022 Aktivit\u00e4tsbericht 2021 Aktivit\u00e4tsbericht 2020 Aktivit\u00e4tsbericht 2019 Aktivit\u00e4tsbericht&#8230;<\/p>\n","protected":false},"author":1,"featured_media":0,"parent":6505,"menu_order":0,"comment_status":"closed","ping_status":"closed","template":"","meta":{"footnotes":""},"class_list":["post-7335","page","type-page","status-publish","hentry"],"_links":{"self":[{"href":"https:\/\/ciaokids.org\/de\/wp-json\/wp\/v2\/pages\/7335","targetHints":{"allow":["GET"]}}],"collection":[{"href":"https:\/\/ciaokids.org\/de\/wp-json\/wp\/v2\/pages"}],"about":[{"href":"https:\/\/ciaokids.org\/de\/wp-json\/wp\/v2\/types\/page"}],"author":[{"embeddable":true,"href":"https:\/\/ciaokids.org\/de\/wp-json\/wp\/v2\/users\/1"}],"replies":[{"embeddable":true,"href":"https:\/\/ciaokids.org\/de\/wp-json\/wp\/v2\/comments?post=7335"}],"version-history":[{"count":19,"href":"https:\/\/ciaokids.org\/de\/wp-json\/wp\/v2\/pages\/7335\/revisions"}],"predecessor-version":[{"id":10453,"href":"https:\/\/ciaokids.org\/de\/wp-json\/wp\/v2\/pages\/7335\/revisions\/10453"}],"up":[{"embeddable":true,"href":"https:\/\/ciaokids.org\/de\/wp-json\/wp\/v2\/pages\/6505"}],"wp:attachment":[{"href":"https:\/\/ciaokids.org\/de\/wp-json\/wp\/v2\/media?parent=7335"}],"curies":[{"name":"wp","href":"https:\/\/api.w.org\/{rel}","templated":true}]}}