{"id":7333,"date":"2025-01-23T15:52:45","date_gmt":"2025-01-23T14:52:45","guid":{"rendered":"https:\/\/ciaokids.org\/cksite\/centre-pour-jeunes-malvoyants\/"},"modified":"2025-01-23T15:52:45","modified_gmt":"2025-01-23T14:52:45","slug":"centre-pour-jeunes-malvoyants","status":"publish","type":"page","link":"https:\/\/ciaokids.org\/de\/les-projets\/centre-pour-jeunes-malvoyants\/","title":{"rendered":"Centre pour jeunes malvoyants"},"content":{"rendered":"<div class=\"wpb-content-wrapper\"><p>[vc_row css_animation=&#8220;&#8220; row_type=&#8220;row&#8220; use_row_as_full_screen_section=&#8220;no&#8220; type=&#8220;full_width&#8220; angled_section=&#8220;no&#8220; text_align=&#8220;left&#8220; background_image_as_pattern=&#8220;without_pattern&#8220;][vc_column][vc_column_text css=&#8220;&#8220;]<\/p>\n<h4><em><strong>Notre objectif<\/strong>\u00a0est de\u00a0<strong>rendre ces enfants ind\u00e9pendants, confiants et heureux\u00a0!<\/strong>\u00a0Nous souhaitons en faire des citoyens responsables, capables d\u2019interagir avec le monde, pouvant travailler et apporter leur contribution \u00e0 la soci\u00e9t\u00e9.<\/em><\/h4>\n<p>[\/vc_column_text][vc_empty_space][\/vc_column][\/vc_row][vc_row css_animation=&#8220;&#8220; row_type=&#8220;row&#8220; use_row_as_full_screen_section=&#8220;no&#8220; type=&#8220;full_width&#8220; angled_section=&#8220;no&#8220; text_align=&#8220;left&#8220; background_image_as_pattern=&#8220;without_pattern&#8220;][vc_column width=&#8220;1\/2&#8243;][vc_column_text css=&#8220;&#8220;]En Inde, les enfants malvoyants sont souvent consid\u00e9r\u00e9s comme un fardeau par leurs familles, ils sont n\u00e9glig\u00e9s ou utilis\u00e9s par leurs parents pour mendier. Ces enfants n\u2019ont aucun acc\u00e8s \u00e0 l\u2019\u00e9ducation car tr\u00e8s peu d\u2019\u00e9coles s\u2019en occupent.<\/p>\n<p>Dans le Jharkhand nous soutenons un centre pour\u00a0<strong>60 enfants malvoyants<\/strong>. Le foyer est g\u00e9r\u00e9 par des infirmi\u00e8res et des \u00e9ducateurs sp\u00e9cialis\u00e9s. Les enfants y sont int\u00e9gralement pris en charge.<\/p>\n<p>Les enfants malvoyants b\u00e9n\u00e9ficient d\u2019un\u00a0<strong>suivi p\u00e9dagogique ad\u00e9quat<\/strong>, sont form\u00e9s \u00e0 la lecture et \u00e0 l\u2019\u00e9criture en braille en hindi et en anglais et disposent d\u2019un\u00a0<strong>mat\u00e9riel sp\u00e9cialis\u00e9 tr\u00e8s complet<\/strong>.\u00a0Ils doivent aussi acqu\u00e9rir toutes les comp\u00e9tences de la vie quotidienne comme l\u2019orientation et la mobilit\u00e9 dans toutes les situations et tous les lieux, la reconnaissance des objets, le rangement, etc. Les\u00a0<strong>activit\u00e9s parascolaires<\/strong>\u00a0telles que la musique et la danse aussi ont une place importante, les enfants s\u2019av\u00e8rent tous tr\u00e8s talentueux et apprennent rapidement \u00e0 jouer des instruments. Ils pratiquent tous les jours du sport et jouent notamment au cricket, au foot ou au volley. Tous ces enfants b\u00e9n\u00e9ficient \u00e9galement d\u2019un\u00a0<strong>suivi m\u00e9dical<\/strong> r\u00e9gulier et sont sensibilis\u00e9s aux questions d\u2019hygi\u00e8ne.[\/vc_column_text][vc_empty_space]<a  itemprop=\"url\" href=\"https:\/\/ciaokids.org\/cksite\/nous-soutenir\/\" target=\"_self\"  class=\"qbutton  big_large center default\" style=\"margin: 10px auto 10px auto; \">Faire un don<i class=\"qode_icon_font_awesome fa fa-heart qode_button_icon_element\"><\/i><\/a>[vc_empty_space][\/vc_column][vc_column width=&#8220;1\/2&#8243;]\n\t\t\t<!-- START jeunes malvoyants REVOLUTION SLIDER 6.7.29 --><p class=\"rs-p-wp-fix\"><\/p>\n\t\t\t<rs-module-wrap id=\"rev_slider_6_1_wrapper\" data-source=\"gallery\" style=\"visibility:hidden;background:transparent;padding:0;margin:0px auto;margin-top:0;margin-bottom:0;\">\n\t\t\t\t<rs-module id=\"rev_slider_6_1\" style=\"\" data-version=\"6.7.29\">\n\t\t\t\t\t<rs-slides style=\"overflow: hidden; position: absolute;\">\n\t\t\t\t\t\t<rs-slide style=\"position: absolute;\" data-key=\"rs-24\" data-title=\"Slide\" data-in=\"o:0;\" data-out=\"a:false;\">\n\t\t\t\t\t\t\t<img decoding=\"async\" src=\"\/\/ciaokids.org\/cksite\/wp-content\/plugins\/revslider\/sr6\/assets\/assets\/dummy.png\" alt=\"\" title=\"jeunes-malvoyants\" width=\"1500\" height=\"1000\" class=\"rev-slidebg tp-rs-img rs-lazyload\" data-lazyload=\"\/\/ciaokids.org\/cksite\/wp-content\/uploads\/2025\/01\/jeunes-malvoyants.jpg\" data-no-retina>\n<!---->\t\t\t\t\t<\/rs-slide>\n\t\t\t\t\t\t<rs-slide style=\"position: absolute;\" data-key=\"rs-25\" data-title=\"Slide\" data-in=\"o:0;\" data-out=\"a:false;\">\n\t\t\t\t\t\t\t<img decoding=\"async\" src=\"\/\/ciaokids.org\/cksite\/wp-content\/plugins\/revslider\/sr6\/assets\/assets\/dummy.png\" alt=\"\" title=\"jeunes-malvoyants_2\" width=\"1500\" height=\"1000\" class=\"rev-slidebg tp-rs-img rs-lazyload\" data-lazyload=\"\/\/ciaokids.org\/cksite\/wp-content\/uploads\/2025\/01\/jeunes-malvoyants_2.jpg\" data-bg=\"p:center top;\" data-no-retina>\n<!---->\t\t\t\t\t<\/rs-slide>\n\t\t\t\t\t\t<rs-slide style=\"position: absolute;\" data-key=\"rs-26\" data-title=\"Slide\" data-in=\"o:0;\" data-out=\"a:false;\">\n\t\t\t\t\t\t\t<img decoding=\"async\" src=\"\/\/ciaokids.org\/cksite\/wp-content\/plugins\/revslider\/sr6\/assets\/assets\/dummy.png\" alt=\"\" title=\"jeunes-malvoyans_3\" width=\"1500\" height=\"1000\" class=\"rev-slidebg tp-rs-img rs-lazyload\" data-lazyload=\"\/\/ciaokids.org\/cksite\/wp-content\/uploads\/2025\/01\/jeunes-malvoyans_3.jpg\" data-bg=\"p:center top;\" data-no-retina>\n<!---->\t\t\t\t\t<\/rs-slide>\n\t\t\t\t\t\t<rs-slide style=\"position: absolute;\" data-key=\"rs-27\" data-title=\"Slide\" data-in=\"o:0;\" data-out=\"a:false;\">\n\t\t\t\t\t\t\t<img decoding=\"async\" src=\"\/\/ciaokids.org\/cksite\/wp-content\/plugins\/revslider\/sr6\/assets\/assets\/dummy.png\" alt=\"\" title=\"jeunes-malvoyants_4\" width=\"1500\" height=\"1000\" class=\"rev-slidebg tp-rs-img rs-lazyload\" data-lazyload=\"\/\/ciaokids.org\/cksite\/wp-content\/uploads\/2025\/01\/jeunes-malvoyants_4.jpg\" data-bg=\"p:center top;\" data-no-retina>\n<!---->\t\t\t\t\t<\/rs-slide>\n\t\t\t\t\t\t<rs-slide style=\"position: absolute;\" data-key=\"rs-28\" data-title=\"Slide\" data-in=\"o:0;\" data-out=\"a:false;\">\n\t\t\t\t\t\t\t<img decoding=\"async\" src=\"\/\/ciaokids.org\/cksite\/wp-content\/plugins\/revslider\/sr6\/assets\/assets\/dummy.png\" alt=\"\" title=\"jeunes-malvoyants_5\" width=\"1500\" height=\"1125\" class=\"rev-slidebg tp-rs-img rs-lazyload\" data-lazyload=\"\/\/ciaokids.org\/cksite\/wp-content\/uploads\/2025\/01\/jeunes-malvoyants_5.jpg\" data-bg=\"p:center top;\" data-no-retina>\n<!---->\t\t\t\t\t<\/rs-slide>\n\t\t\t\t\t\t<rs-slide style=\"position: absolute;\" data-key=\"rs-29\" data-title=\"Slide\" data-in=\"o:0;\" data-out=\"a:false;\">\n\t\t\t\t\t\t\t<img decoding=\"async\" src=\"\/\/ciaokids.org\/cksite\/wp-content\/plugins\/revslider\/sr6\/assets\/assets\/dummy.png\" alt=\"\" title=\"jeunes-malvoyants_6\" width=\"1500\" height=\"1125\" class=\"rev-slidebg tp-rs-img rs-lazyload\" data-lazyload=\"\/\/ciaokids.org\/cksite\/wp-content\/uploads\/2025\/01\/jeunes-malvoyants_6.jpg\" data-bg=\"p:center top;\" data-no-retina>\n<!---->\t\t\t\t\t<\/rs-slide>\n\t\t\t\t\t<\/rs-slides>\n\t\t\t\t<\/rs-module>\n\t\t\t\t<script>\n\t\t\t\t\tsetREVStartSize({c: 'rev_slider_6_1',rl:[1240,1024,778,480],el:[900],gw:[1240],gh:[900],type:'standard',justify:'',layout:'fullwidth',mh:\"0\"});if (window.RS_MODULES!==undefined && window.RS_MODULES.modules!==undefined && window.RS_MODULES.modules[\"revslider61\"]!==undefined) {window.RS_MODULES.modules[\"revslider61\"].once = false;window.revapi6 = undefined;if (window.RS_MODULES.checkMinimal!==undefined) window.RS_MODULES.checkMinimal()}\n\t\t\t\t<\/script>\n\t\t\t<\/rs-module-wrap>\n\t\t\t<!-- END REVOLUTION SLIDER -->\n[vc_empty_space][\/vc_column][\/vc_row]<\/p>\n<\/div>","protected":false},"excerpt":{"rendered":"<p>[vc_row css_animation=&#8220;&#8220; row_type=&#8220;row&#8220; use_row_as_full_screen_section=&#8220;no&#8220; type=&#8220;full_width&#8220; angled_section=&#8220;no&#8220; text_align=&#8220;left&#8220; background_image_as_pattern=&#8220;without_pattern&#8220;][vc_column][vc_column_text css=&#8220;&#8220;] Notre objectif\u00a0est de\u00a0rendre ces enfants ind\u00e9pendants, confiants et heureux\u00a0!\u00a0Nous souhaitons en faire des citoyens responsables, capables d\u2019interagir avec le monde, pouvant travailler et apporter leur contribution \u00e0 la soci\u00e9t\u00e9. [\/vc_column_text][vc_empty_space][\/vc_column][\/vc_row][vc_row css_animation=&#8220;&#8220; row_type=&#8220;row&#8220; use_row_as_full_screen_section=&#8220;no&#8220; type=&#8220;full_width&#8220; angled_section=&#8220;no&#8220; text_align=&#8220;left&#8220;&#8230;<\/p>\n","protected":false},"author":1,"featured_media":0,"parent":7343,"menu_order":0,"comment_status":"closed","ping_status":"closed","template":"","meta":{"footnotes":""},"class_list":["post-7333","page","type-page","status-publish","hentry"],"_links":{"self":[{"href":"https:\/\/ciaokids.org\/de\/wp-json\/wp\/v2\/pages\/7333","targetHints":{"allow":["GET"]}}],"collection":[{"href":"https:\/\/ciaokids.org\/de\/wp-json\/wp\/v2\/pages"}],"about":[{"href":"https:\/\/ciaokids.org\/de\/wp-json\/wp\/v2\/types\/page"}],"author":[{"embeddable":true,"href":"https:\/\/ciaokids.org\/de\/wp-json\/wp\/v2\/users\/1"}],"replies":[{"embeddable":true,"href":"https:\/\/ciaokids.org\/de\/wp-json\/wp\/v2\/comments?post=7333"}],"version-history":[{"count":0,"href":"https:\/\/ciaokids.org\/de\/wp-json\/wp\/v2\/pages\/7333\/revisions"}],"up":[{"embeddable":true,"href":"https:\/\/ciaokids.org\/de\/wp-json\/wp\/v2\/pages\/7343"}],"wp:attachment":[{"href":"https:\/\/ciaokids.org\/de\/wp-json\/wp\/v2\/media?parent=7333"}],"curies":[{"name":"wp","href":"https:\/\/api.w.org\/{rel}","templated":true}]}}