{"id":7329,"date":"2025-01-23T16:16:28","date_gmt":"2025-01-23T15:16:28","guid":{"rendered":"https:\/\/ciaokids.org\/cksite\/formation-professionnelle\/"},"modified":"2025-01-23T16:16:28","modified_gmt":"2025-01-23T15:16:28","slug":"formation-professionnelle","status":"publish","type":"page","link":"https:\/\/ciaokids.org\/de\/les-projets\/formation-professionnelle\/","title":{"rendered":"Formation professionnelle"},"content":{"rendered":"<div class=\"wpb-content-wrapper\"><p>[vc_row css_animation=&#8220;&#8220; row_type=&#8220;row&#8220; use_row_as_full_screen_section=&#8220;no&#8220; type=&#8220;full_width&#8220; angled_section=&#8220;no&#8220; text_align=&#8220;left&#8220; background_image_as_pattern=&#8220;without_pattern&#8220;][vc_column][vc_column_text css=&#8220;&#8220;]<\/p>\n<h4><em><strong>Notre objectif<\/strong> est de donner \u00e0 ces jeunes une <strong>chance d\u2019acc\u00e9der au march\u00e9 du travail<\/strong> afin qu\u2019ils puissent envisager un meilleur avenir.<\/em><\/h4>\n<p>[\/vc_column_text][vc_empty_space][\/vc_column][\/vc_row][vc_row css_animation=&#8220;&#8220; row_type=&#8220;row&#8220; use_row_as_full_screen_section=&#8220;no&#8220; type=&#8220;full_width&#8220; angled_section=&#8220;no&#8220; text_align=&#8220;left&#8220; background_image_as_pattern=&#8220;without_pattern&#8220;][vc_column width=&#8220;1\/2&#8243;][vc_column_text css=&#8220;&#8220;]Il n\u2019existe que tr\u00e8s peu d\u2019opportunit\u00e9s de formation pratique en Inde et au N\u00e9pal pour les jeunes qui n\u2019arrivent pas \u00e0 suivre le programme acad\u00e9mique.<\/p>\n<p>Dans <strong>le centre de formation professionnelle<\/strong> que nous soutenons, 2 fili\u00e8res sont propos\u00e9es: la couture et la bureautique. Environ <strong>200 jeunes adultes<\/strong> y sont form\u00e9s chaque ann\u00e9e sur une p\u00e9riode de 6 mois. Des cours de culture g\u00e9n\u00e9rale et d\u2019anglais leur sont aussi dispens\u00e9s ainsi qu\u2019un accompagnement \u00e0 la recherche d\u2019emploi et une pr\u00e9paration au march\u00e9 du travail.[\/vc_column_text][vc_empty_space]<a  itemprop=\"url\" href=\"https:\/\/ciaokids.org\/cksite\/nous-soutenir\/\" target=\"_self\"  class=\"qbutton  big_large center default\" style=\"margin: 10px auto 10px auto; \">Faire un don<i class=\"qode_icon_font_awesome fa fa-heart qode_button_icon_element\"><\/i><\/a>[vc_empty_space][\/vc_column][vc_column width=&#8220;1\/2&#8243;]\n\t\t\t<!-- START formation professionnelle REVOLUTION SLIDER 6.7.29 --><p class=\"rs-p-wp-fix\"><\/p>\n\t\t\t<rs-module-wrap id=\"rev_slider_8_1_wrapper\" data-source=\"gallery\" style=\"visibility:hidden;background:transparent;padding:0;margin:0px auto;margin-top:0;margin-bottom:0;\">\n\t\t\t\t<rs-module id=\"rev_slider_8_1\" style=\"\" data-version=\"6.7.29\">\n\t\t\t\t\t<rs-slides style=\"overflow: hidden; position: absolute;\">\n\t\t\t\t\t\t<rs-slide style=\"position: absolute;\" data-key=\"rs-36\" data-title=\"Slide\" data-in=\"o:0;\" data-out=\"a:false;\">\n\t\t\t\t\t\t\t<img decoding=\"async\" src=\"\/\/ciaokids.org\/cksite\/wp-content\/plugins\/revslider\/sr6\/assets\/assets\/dummy.png\" alt=\"\" title=\"formation-prof\" width=\"1500\" height=\"1000\" class=\"rev-slidebg tp-rs-img rs-lazyload\" data-lazyload=\"\/\/ciaokids.org\/cksite\/wp-content\/uploads\/2025\/01\/formation-prof.jpg\" data-no-retina>\n<!---->\t\t\t\t\t<\/rs-slide>\n\t\t\t\t\t\t<rs-slide style=\"position: absolute;\" data-key=\"rs-106\" data-title=\"Slide\" data-in=\"o:0;\" data-out=\"a:false;\">\n\t\t\t\t\t\t\t<img decoding=\"async\" src=\"\/\/ciaokids.org\/cksite\/wp-content\/plugins\/revslider\/sr6\/assets\/assets\/dummy.png\" alt=\"\" title=\"couture\" width=\"1200\" height=\"800\" class=\"rev-slidebg tp-rs-img rs-lazyload\" data-lazyload=\"\/\/ciaokids.org\/cksite\/wp-content\/uploads\/2025\/02\/couture.jpg\" data-no-retina>\n<!---->\t\t\t\t\t<\/rs-slide>\n\t\t\t\t\t\t<rs-slide style=\"position: absolute;\" data-key=\"rs-37\" data-title=\"Slide\" data-in=\"o:0;\" data-out=\"a:false;\">\n\t\t\t\t\t\t\t<img decoding=\"async\" src=\"\/\/ciaokids.org\/cksite\/wp-content\/plugins\/revslider\/sr6\/assets\/assets\/dummy.png\" alt=\"\" title=\"formation-prof_2\" width=\"1500\" height=\"1000\" class=\"rev-slidebg tp-rs-img rs-lazyload\" data-lazyload=\"\/\/ciaokids.org\/cksite\/wp-content\/uploads\/2025\/01\/formation-prof_2.jpg\" data-bg=\"p:center top;\" data-no-retina>\n<!---->\t\t\t\t\t<\/rs-slide>\n\t\t\t\t\t\t<rs-slide style=\"position: absolute;\" data-key=\"rs-38\" data-title=\"Slide\" data-in=\"o:0;\" data-out=\"a:false;\">\n\t\t\t\t\t\t\t<img decoding=\"async\" src=\"\/\/ciaokids.org\/cksite\/wp-content\/plugins\/revslider\/sr6\/assets\/assets\/dummy.png\" alt=\"\" title=\"formation-prof_3\" width=\"1500\" height=\"1000\" class=\"rev-slidebg tp-rs-img rs-lazyload\" data-lazyload=\"\/\/ciaokids.org\/cksite\/wp-content\/uploads\/2025\/01\/formation-prof_3.jpg\" data-bg=\"p:center top;\" data-no-retina>\n<!---->\t\t\t\t\t<\/rs-slide>\n\t\t\t\t\t\t<rs-slide style=\"position: absolute;\" data-key=\"rs-39\" data-title=\"Slide\" data-in=\"o:0;\" data-out=\"a:false;\">\n\t\t\t\t\t\t\t<img decoding=\"async\" src=\"\/\/ciaokids.org\/cksite\/wp-content\/plugins\/revslider\/sr6\/assets\/assets\/dummy.png\" alt=\"\" title=\"formation-prof_4\" width=\"1000\" height=\"1500\" class=\"rev-slidebg tp-rs-img rs-lazyload\" data-lazyload=\"\/\/ciaokids.org\/cksite\/wp-content\/uploads\/2025\/01\/formation-prof_4.jpg\" data-no-retina>\n<!---->\t\t\t\t\t<\/rs-slide>\n\t\t\t\t\t<\/rs-slides>\n\t\t\t\t<\/rs-module>\n\t\t\t\t<script>\n\t\t\t\t\tsetREVStartSize({c: 'rev_slider_8_1',rl:[1240,1024,778,480],el:[900],gw:[1240],gh:[900],type:'standard',justify:'',layout:'fullwidth',mh:\"0\"});if (window.RS_MODULES!==undefined && window.RS_MODULES.modules!==undefined && window.RS_MODULES.modules[\"revslider81\"]!==undefined) {window.RS_MODULES.modules[\"revslider81\"].once = false;window.revapi8 = undefined;if (window.RS_MODULES.checkMinimal!==undefined) window.RS_MODULES.checkMinimal()}\n\t\t\t\t<\/script>\n\t\t\t<\/rs-module-wrap>\n\t\t\t<!-- END REVOLUTION SLIDER -->\n[vc_empty_space][\/vc_column][\/vc_row]<\/p>\n<\/div>","protected":false},"excerpt":{"rendered":"<p>[vc_row css_animation=&#8220;&#8220; row_type=&#8220;row&#8220; use_row_as_full_screen_section=&#8220;no&#8220; type=&#8220;full_width&#8220; angled_section=&#8220;no&#8220; text_align=&#8220;left&#8220; background_image_as_pattern=&#8220;without_pattern&#8220;][vc_column][vc_column_text css=&#8220;&#8220;] Notre objectif est de donner \u00e0 ces jeunes une chance d\u2019acc\u00e9der au march\u00e9 du travail afin qu\u2019ils puissent envisager un meilleur avenir. [\/vc_column_text][vc_empty_space][\/vc_column][\/vc_row][vc_row css_animation=&#8220;&#8220; row_type=&#8220;row&#8220; use_row_as_full_screen_section=&#8220;no&#8220; type=&#8220;full_width&#8220; angled_section=&#8220;no&#8220; text_align=&#8220;left&#8220; background_image_as_pattern=&#8220;without_pattern&#8220;][vc_column width=&#8220;1\/2&#8243;][vc_column_text css=&#8220;&#8220;]Il n\u2019existe que tr\u00e8s peu&#8230;<\/p>\n","protected":false},"author":1,"featured_media":0,"parent":7343,"menu_order":0,"comment_status":"closed","ping_status":"closed","template":"","meta":{"footnotes":""},"class_list":["post-7329","page","type-page","status-publish","hentry"],"_links":{"self":[{"href":"https:\/\/ciaokids.org\/de\/wp-json\/wp\/v2\/pages\/7329","targetHints":{"allow":["GET"]}}],"collection":[{"href":"https:\/\/ciaokids.org\/de\/wp-json\/wp\/v2\/pages"}],"about":[{"href":"https:\/\/ciaokids.org\/de\/wp-json\/wp\/v2\/types\/page"}],"author":[{"embeddable":true,"href":"https:\/\/ciaokids.org\/de\/wp-json\/wp\/v2\/users\/1"}],"replies":[{"embeddable":true,"href":"https:\/\/ciaokids.org\/de\/wp-json\/wp\/v2\/comments?post=7329"}],"version-history":[{"count":0,"href":"https:\/\/ciaokids.org\/de\/wp-json\/wp\/v2\/pages\/7329\/revisions"}],"up":[{"embeddable":true,"href":"https:\/\/ciaokids.org\/de\/wp-json\/wp\/v2\/pages\/7343"}],"wp:attachment":[{"href":"https:\/\/ciaokids.org\/de\/wp-json\/wp\/v2\/media?parent=7329"}],"curies":[{"name":"wp","href":"https:\/\/api.w.org\/{rel}","templated":true}]}}