{"id":7317,"date":"2025-01-23T20:28:24","date_gmt":"2025-01-23T19:28:24","guid":{"rendered":"https:\/\/ciaokids.org\/cksite\/soutenir-un-projet-specifique\/"},"modified":"2025-02-05T19:00:46","modified_gmt":"2025-02-05T18:00:46","slug":"soutenir-un-projet-specifique","status":"publish","type":"page","link":"https:\/\/ciaokids.org\/de\/nous-soutenir\/soutenir-un-projet-specifique\/","title":{"rendered":"Unterst\u00fctzen Sie ein bestimmtes Projekt"},"content":{"rendered":"<div class=\"wpb-content-wrapper\"><p>[vc_row css_animation=&#8220;&#8220; row_type=&#8220;row&#8220; use_row_as_full_screen_section=&#8220;no&#8220; type=&#8220;full_width&#8220; angled_section=&#8220;no&#8220; text_align=&#8220;left&#8220; background_image_as_pattern=&#8220;without_pattern&#8220;][vc_column][vc_column_text css=&#8220;&#8220;]<\/p>\n<h4><em>Unterst\u00fctzen Sie ein bestimmtes Projekt<\/em><\/h4>\n<p>[\/vc_column_text][vc_empty_space][\/vc_column][\/vc_row][vc_row css_animation=&#8220;&#8220; row_type=&#8220;row&#8220; use_row_as_full_screen_section=&#8220;no&#8220; type=&#8220;full_width&#8220; angled_section=&#8220;no&#8220; text_align=&#8220;left&#8220; background_image_as_pattern=&#8220;without_pattern&#8220;][vc_column width=&#8220;1\/2&#8243; css=&#8220;.vc_custom_1737794337398{margin: 10px !important;padding: 10px !important;}&#8220;][vc_column_text css=&#8220;&#8220;]<strong>Ihre Spenden werden vollst\u00e4ndig f\u00fcr die Erf\u00fcllung unserer Aufgabe in Indien und Nepal verwendet. <\/strong>Die Verwaltungskosten in der Schweiz (Miete, Sekretariat, Kommunikation, Fundraising) werden vollst\u00e4ndig von F\u00f6rderern \u00fcbernommen. Und <strong>Sie erhalten eine Bescheinigung, damit Ihre Spende steuerlich abzugsf\u00e4hig ist.<\/strong>[\/vc_column_text][vc_empty_space][\/vc_column][vc_column width=&#8220;1\/2&#8243; css=&#8220;.vc_custom_1737794260843{margin: 10px !important;padding: 10px !important;background-color: #E6F4F1 !important;}&#8220;][vc_column_text css=&#8220;&#8220;]<\/p>\n<h6>Hier erfahren Sie, wie Sie die CIAO KIDS Foundation unterst\u00fctzen und konkrete Ma\u00dfnahmen ergreifen k\u00f6nnen<\/h6>\n<p>[\/vc_column_text][vc_column_text css=&#8220;&#8220;]Sie m\u00fcssen lediglich ein Projekt aus den unten aufgef\u00fchrten Ciao Kids-Aktionen ausw\u00e4hlen. Geben Sie bei Ihrer Spende im Abschnitt \u201e<strong>Zahlungskommunikation<\/strong>\u201c die konkrete \u201eErw\u00e4hnung\u201c des Projekts an. Im Voraus bedankt sich Ciao Kids ganz herzlich f\u00fcr Ihre Gro\u00dfz\u00fcgigkeit![\/vc_column_text][\/vc_column][\/vc_row][vc_row css_animation=&#8220;&#8220; row_type=&#8220;row&#8220; use_row_as_full_screen_section=&#8220;no&#8220; type=&#8220;full_width&#8220; angled_section=&#8220;no&#8220; text_align=&#8220;left&#8220; background_image_as_pattern=&#8220;without_pattern&#8220;][vc_column width=&#8220;1\/2&#8243; offset=&#8220;vc_hidden-sm vc_hidden-xs&#8220;]\n\t\t\t<!-- START foyers d&#039;accueil REVOLUTION SLIDER 6.7.29 --><p class=\"rs-p-wp-fix\"><\/p>\n\t\t\t<rs-module-wrap id=\"rev_slider_7_1_wrapper\" data-source=\"gallery\" style=\"visibility:hidden;background:transparent;padding:0;margin:0px auto;margin-top:0;margin-bottom:0;\">\n\t\t\t\t<rs-module id=\"rev_slider_7_1\" style=\"\" data-version=\"6.7.29\">\n\t\t\t\t\t<rs-slides style=\"overflow: hidden; position: absolute;\">\n\t\t\t\t\t\t<rs-slide style=\"position: absolute;\" data-key=\"rs-30\" data-title=\"Slide\" data-in=\"o:0;\" data-out=\"a:false;\">\n\t\t\t\t\t\t\t<img decoding=\"async\" src=\"\/\/ciaokids.org\/cksite\/wp-content\/plugins\/revslider\/sr6\/assets\/assets\/dummy.png\" alt=\"\" title=\"foyer-accueil_2\" width=\"1500\" height=\"1000\" class=\"rev-slidebg tp-rs-img rs-lazyload\" data-lazyload=\"\/\/ciaokids.org\/cksite\/wp-content\/uploads\/2025\/01\/foyer-accueil_2.jpg\" data-no-retina>\n<!---->\t\t\t\t\t<\/rs-slide>\n\t\t\t\t\t\t<rs-slide style=\"position: absolute;\" data-key=\"rs-31\" data-title=\"Slide\" data-in=\"o:0;\" data-out=\"a:false;\">\n\t\t\t\t\t\t\t<img decoding=\"async\" src=\"\/\/ciaokids.org\/cksite\/wp-content\/plugins\/revslider\/sr6\/assets\/assets\/dummy.png\" alt=\"\" title=\"foyer-accueil_3\" width=\"1500\" height=\"1000\" class=\"rev-slidebg tp-rs-img rs-lazyload\" data-lazyload=\"\/\/ciaokids.org\/cksite\/wp-content\/uploads\/2025\/01\/foyer-accueil_3.jpg\" data-bg=\"p:center top;\" data-no-retina>\n<!---->\t\t\t\t\t<\/rs-slide>\n\t\t\t\t\t\t<rs-slide style=\"position: absolute;\" data-key=\"rs-32\" data-title=\"Slide\" data-in=\"o:0;\" data-out=\"a:false;\">\n\t\t\t\t\t\t\t<img decoding=\"async\" src=\"\/\/ciaokids.org\/cksite\/wp-content\/plugins\/revslider\/sr6\/assets\/assets\/dummy.png\" alt=\"\" title=\"foyer-accueil_5\" width=\"1500\" height=\"1125\" class=\"rev-slidebg tp-rs-img rs-lazyload\" data-lazyload=\"\/\/ciaokids.org\/cksite\/wp-content\/uploads\/2025\/01\/foyer-accueil_5.jpg\" data-bg=\"p:center top;\" data-no-retina>\n<!---->\t\t\t\t\t<\/rs-slide>\n\t\t\t\t\t\t<rs-slide style=\"position: absolute;\" data-key=\"rs-33\" data-title=\"Slide\" data-in=\"o:0;\" data-out=\"a:false;\">\n\t\t\t\t\t\t\t<img decoding=\"async\" src=\"\/\/ciaokids.org\/cksite\/wp-content\/plugins\/revslider\/sr6\/assets\/assets\/dummy.png\" alt=\"\" title=\"foyer-accueil_6\" width=\"1500\" height=\"1125\" class=\"rev-slidebg tp-rs-img rs-lazyload\" data-lazyload=\"\/\/ciaokids.org\/cksite\/wp-content\/uploads\/2025\/01\/foyer-accueil_6.jpg\" data-bg=\"p:center top;\" data-no-retina>\n<!---->\t\t\t\t\t<\/rs-slide>\n\t\t\t\t\t\t<rs-slide style=\"position: absolute;\" data-key=\"rs-34\" data-title=\"Slide\" data-in=\"o:0;\" data-out=\"a:false;\">\n\t\t\t\t\t\t\t<img decoding=\"async\" src=\"\/\/ciaokids.org\/cksite\/wp-content\/plugins\/revslider\/sr6\/assets\/assets\/dummy.png\" alt=\"\" title=\"foyer-accueil\" width=\"1500\" height=\"844\" class=\"rev-slidebg tp-rs-img rs-lazyload\" data-lazyload=\"\/\/ciaokids.org\/cksite\/wp-content\/uploads\/2025\/01\/foyer-accueil.jpg\" data-bg=\"p:center top;\" data-no-retina>\n<!---->\t\t\t\t\t<\/rs-slide>\n\t\t\t\t\t<\/rs-slides>\n\t\t\t\t<\/rs-module>\n\t\t\t\t<script>\n\t\t\t\t\tsetREVStartSize({c: 'rev_slider_7_1',rl:[1240,1024,778,480],el:[900],gw:[1240],gh:[900],type:'standard',justify:'',layout:'fullwidth',mh:\"0\"});if (window.RS_MODULES!==undefined && window.RS_MODULES.modules!==undefined && window.RS_MODULES.modules[\"revslider71\"]!==undefined) {window.RS_MODULES.modules[\"revslider71\"].once = false;window.revapi7 = undefined;if (window.RS_MODULES.checkMinimal!==undefined) window.RS_MODULES.checkMinimal()}\n\t\t\t\t<\/script>\n\t\t\t<\/rs-module-wrap>\n\t\t\t<!-- END REVOLUTION SLIDER -->\n[vc_empty_space][\/vc_column][vc_column width=&#8220;1\/2&#8243;][vc_accordion active_tab=&#8220;false&#8220; collapsible=&#8220;yes&#8220; style=&#8220;accordion&#8220;][vc_accordion_tab title=&#8220;Bieten Sie warme Mahlzeiten an&#8220;][vc_column_text css=&#8220;&#8220;]<\/p>\n<h3>Erw\u00e4hnung: \u201eMahlzeit\u201c<\/h3>\n<p>F\u00fcr <strong>CHF 20<\/strong> erm\u00f6glichen Sie drei nepalesischen Sch\u00fclern, einen Monat lang t\u00e4glich eine warme Mahlzeit in der Schule zu sich zu nehmen. Diese vollst\u00e4ndige und nahrhafte Mahlzeit ist f\u00fcr die F\u00f6rderung ihres Wachstums unerl\u00e4sslich. Dar\u00fcber hinaus motiviert es die Kinder, zur Schule zu kommen, und erm\u00f6glicht ihnen, den ganzen Tag \u00fcber konzentriert zu bleiben.[\/vc_column_text][\/vc_accordion_tab][vc_accordion_tab title=&#8220;Bieten Sie ein Schulset an&#8220;][vc_column_text css=&#8220;&#8220;]<\/p>\n<h3>Erw\u00e4hnung: \u201eKit\u201c<\/h3>\n<p>F\u00fcr <strong>CHF 25<\/strong> erm\u00f6glichen Sie einem Kind eine Ausbildung und ein Studium unter guten Bedingungen, indem Sie ihm ein Schulset schenken.<\/p>\n<p>Darin enthalten sind s\u00e4mtliche Materialien, die der Sch\u00fcler ben\u00f6tigt, sowie die j\u00e4hrlichen Schulgeb\u00fchren.[\/vc_column_text][\/vc_accordion_tab][vc_accordion_tab title=&#8220;Finanzierung der Berufsausbildung eines jungen M\u00e4dchens&#8220;][vc_column_text css=&#8220;&#8220;]<\/p>\n<h3>Erw\u00e4hnung: \u201eAusbildung\u201c<\/h3>\n<p>Mit <strong>CHF 40<\/strong> finanzieren Sie die Berufsausbildung eines jungen M\u00e4dchens im Bereich N\u00e4hen oder B\u00fcroautomation (6 Monate), damit sie ihre F\u00e4higkeiten weiterentwickelt. Damit erm\u00f6glichen Sie ihr den <strong>Zugang zum Arbeitsmarkt<\/strong>, sodass sie eine angemessen bezahlte Anstellung finden und einer besseren Zukunft entgegenblicken kann.[\/vc_column_text][\/vc_accordion_tab][\/vc_accordion][vc_empty_space][\/vc_column][\/vc_row][vc_row css_animation=&#8220;&#8220; row_type=&#8220;row&#8220; use_row_as_full_screen_section=&#8220;no&#8220; type=&#8220;full_width&#8220; angled_section=&#8220;no&#8220; text_align=&#8220;left&#8220; background_image_as_pattern=&#8220;without_pattern&#8220;][vc_column][vc_column_text css=&#8220;&#8220;]<\/p>\n<h6>T\u00e4tigen Sie Ihre Spende unter Verwendung der folgenden Informationen<\/h6>\n<p>[\/vc_column_text][qode_elements_holder number_of_columns=&#8220;three_columns&#8220; three_columns_proportion=&#8220;50_25_25&#8243;][qode_elements_holder_item vertical_alignment=&#8220;top&#8220; horizontal_alignment=&#8220;left&#8220; advanced_animations=&#8220;no&#8220; background_color=&#8220;#FFE8D2&#8243; item_padding=&#8220;10px 10px 10px 10px&#8220; custom_class=&#8220;borderz&#8220;][vc_column_text css=&#8220;&#8220;]<\/p>\n<h5 class=\"vc_custom_heading\">E-banking<\/h5>\n<p class=\"vc_empty_space\">Cr\u00e9dit Suisse AG<br \/>\n8070 Z\u00fcrich<br \/>\n<strong>CH49 0483 5146 4719 4100 1<\/strong><\/p>\n<p>Scannen Sie den QR-Code und spenden Sie direkt \u00fcber Ihr E-Banking<\/p>\n<p class=\"vc_empty_space\"><strong> <\/strong><\/p>\n<p>[\/vc_column_text][\/qode_elements_holder_item][qode_elements_holder_item vertical_alignment=&#8220;middle&#8220; horizontal_alignment=&#8220;center&#8220; advanced_animations=&#8220;yes&#8220; start_position=&#8220;center&#8220; end_position=&#8220;center&#8220; background_color=&#8220;#FFE8D2&#8243; item_padding=&#8220;10px 10px 10px 10px&#8220; custom_class=&#8220;borderz&#8220;][vc_single_image image=&#8220;6898&#8243; img_size=&#8220;200&#215;200&#8243; alignment=&#8220;center&#8220; css=&#8220;&#8220; qode_css_animation=&#8220;&#8220;][\/qode_elements_holder_item][qode_elements_holder_item vertical_alignment=&#8220;top&#8220; horizontal_alignment=&#8220;center&#8220; advanced_animations=&#8220;no&#8220; item_padding=&#8220;10px 10px 10px 10px&#8220; background_color=&#8220;#E6F4F1&#8243; custom_class=&#8220;borderz&#8220;][vc_column_text css=&#8220;&#8220;]<\/p>\n<h5 class=\"vc_custom_heading\" style=\"text-align: left;\">Raisenow<\/h5>\n<p class=\"vc_empty_space\" style=\"text-align: left;\"><em>Raisenow ist eine sichere Online-Spendensammelplattform. Nachdem Sie auf die Schaltfl\u00e4che unten geklickt haben, werden Sie zum Spendenformular von raisenow weitergeleitet. DANKE!   <\/em><\/p>\n<p>[\/vc_column_text][vc_empty_space]<a  itemprop=\"url\" href=\"https:\/\/donate.raisenow.io\/fjxmh?analytics.channel=button&#038;lng=de\" target=\"_blank\"  class=\"qbutton  big_large center default\" style=\"\">Geben Sie<i class=\"qode_icon_font_awesome fa fa-heart qode_button_icon_element\"><\/i><\/a>[vc_empty_space][\/qode_elements_holder_item][\/qode_elements_holder][vc_empty_space][\/vc_column][\/vc_row]<\/p>\n<\/div>","protected":false},"excerpt":{"rendered":"<p>[vc_row css_animation=&#8220;&#8220; row_type=&#8220;row&#8220; use_row_as_full_screen_section=&#8220;no&#8220; type=&#8220;full_width&#8220; angled_section=&#8220;no&#8220; text_align=&#8220;left&#8220; background_image_as_pattern=&#8220;without_pattern&#8220;][vc_column][vc_column_text css=&#8220;&#8220;] Unterst\u00fctzen Sie ein bestimmtes Projekt [\/vc_column_text][vc_empty_space][\/vc_column][\/vc_row][vc_row css_animation=&#8220;&#8220; row_type=&#8220;row&#8220; use_row_as_full_screen_section=&#8220;no&#8220; type=&#8220;full_width&#8220; angled_section=&#8220;no&#8220; text_align=&#8220;left&#8220; background_image_as_pattern=&#8220;without_pattern&#8220;][vc_column width=&#8220;1\/2&#8243; css=&#8220;.vc_custom_1737794337398{margin: 10px !important;padding: 10px !important;}&#8220;][vc_column_text css=&#8220;&#8220;]Ihre Spenden werden vollst\u00e4ndig f\u00fcr die Erf\u00fcllung unserer Aufgabe in Indien und Nepal verwendet. Die Verwaltungskosten in&#8230;<\/p>\n","protected":false},"author":1,"featured_media":0,"parent":7337,"menu_order":0,"comment_status":"closed","ping_status":"closed","template":"","meta":{"footnotes":""},"class_list":["post-7317","page","type-page","status-publish","hentry"],"_links":{"self":[{"href":"https:\/\/ciaokids.org\/de\/wp-json\/wp\/v2\/pages\/7317","targetHints":{"allow":["GET"]}}],"collection":[{"href":"https:\/\/ciaokids.org\/de\/wp-json\/wp\/v2\/pages"}],"about":[{"href":"https:\/\/ciaokids.org\/de\/wp-json\/wp\/v2\/types\/page"}],"author":[{"embeddable":true,"href":"https:\/\/ciaokids.org\/de\/wp-json\/wp\/v2\/users\/1"}],"replies":[{"embeddable":true,"href":"https:\/\/ciaokids.org\/de\/wp-json\/wp\/v2\/comments?post=7317"}],"version-history":[{"count":21,"href":"https:\/\/ciaokids.org\/de\/wp-json\/wp\/v2\/pages\/7317\/revisions"}],"predecessor-version":[{"id":9757,"href":"https:\/\/ciaokids.org\/de\/wp-json\/wp\/v2\/pages\/7317\/revisions\/9757"}],"up":[{"embeddable":true,"href":"https:\/\/ciaokids.org\/de\/wp-json\/wp\/v2\/pages\/7337"}],"wp:attachment":[{"href":"https:\/\/ciaokids.org\/de\/wp-json\/wp\/v2\/media?parent=7317"}],"curies":[{"name":"wp","href":"https:\/\/api.w.org\/{rel}","templated":true}]}}