{"id":7313,"date":"2025-01-23T20:29:06","date_gmt":"2025-01-23T19:29:06","guid":{"rendered":"https:\/\/ciaokids.org\/cksite\/faire-un-legs\/"},"modified":"2025-01-31T21:30:37","modified_gmt":"2025-01-31T20:30:37","slug":"faire-un-legs","status":"publish","type":"page","link":"https:\/\/ciaokids.org\/de\/nous-soutenir\/faire-un-legs\/","title":{"rendered":"Ein Verm\u00e4chtnis machen"},"content":{"rendered":"<div class=\"wpb-content-wrapper\"><p>[vc_row css_animation=&#8220;&#8220; row_type=&#8220;row&#8220; use_row_as_full_screen_section=&#8220;no&#8220; type=&#8220;full_width&#8220; angled_section=&#8220;no&#8220; text_align=&#8220;left&#8220; background_image_as_pattern=&#8220;without_pattern&#8220;][vc_column][vc_column_text css=&#8220;&#8220;]<\/p>\n<h4><em>Ein Verm\u00e4chtnis machen<\/em><\/h4>\n<p>[\/vc_column_text][vc_empty_space height=&#8220;1em&#8220;][\/vc_column][\/vc_row][vc_row css_animation=&#8220;&#8220; row_type=&#8220;row&#8220; use_row_as_full_screen_section=&#8220;no&#8220; type=&#8220;full_width&#8220; angled_section=&#8220;no&#8220; text_align=&#8220;left&#8220; background_image_as_pattern=&#8220;without_pattern&#8220;][vc_column width=&#8220;1\/2&#8243;][vc_column_text css=&#8220;&#8220;]Viele Menschen m\u00f6chten in ihrem Umfeld und \u00fcber den Familienkreis hinaus Gutes tun und ihr Andenken bewahren. Sie treffen daher Vorkehrungen, indem sie ein Testament verfassen. <\/p>\n<p><strong>Eine Legat an die Stiftung CIAO KIDS ist eine Garantie daf\u00fcr, dass Ihre Spende so verwendet wird, wie Sie es w\u00fcnschen,<\/strong> und dass daraus eine konkrete Hilfe resultiert. Es ist auch eine M\u00f6glichkeit, Ihre Werte weiterzugeben und Ihre Erinnerung zu bewahren. Wenn Sie sich f\u00fcr unsere Stiftung entscheiden, wird Ihre Gro\u00dfz\u00fcgigkeit dazu beitragen, dass benachteiligte und gef\u00e4hrdete Stammeskinder und -frauen nachhaltig unterst\u00fctzt werden.<\/p>\n<p>[\/vc_column_text][vc_empty_space height=&#8220;1em&#8220;][\/vc_column][vc_column width=&#8220;1\/2&#8243;][vc_column_text css=&#8220;&#8220;]Die Stiftung CIAO KIDS ist als gemeinn\u00fctzig anerkannt. Ihre posthume <strong>Spende<\/strong>, die Sie testamentarisch vererben, wird <strong>vollst\u00e4ndig f\u00fcr die Durchf\u00fchrung der Aufgabe in Indien und Nepal<\/strong> verwendet (die Verwaltungskosten in der Schweiz werden von M\u00e4zenen \u00fcbernommen) und es werden <strong>keine Steuern<\/strong> abgezogen.<br \/>M\u00f6chten Sie mehr dar\u00fcber erfahren? Haben Sie ein Projekt, das Ihnen am Herzen liegt, und m\u00f6chten Sie dar\u00fcber sprechen? Wir besprechen es gerne mit Ihnen und stellen Ihnen die Stiftung CIAO KIDS im Detail vor. <\/p>\n<p>   <a href=\"https:\/\/ciaokids.org\/cksite\/de\/kontakt\/\">Kontaktieren Sie uns! <\/a><\/p>\n<p>Vielen Dank im Voraus f\u00fcr Ihre wertvolle Unterst\u00fctzung.[\/vc_column_text][\/vc_column][\/vc_row]<\/p>\n<\/div>","protected":false},"excerpt":{"rendered":"<p>[vc_row css_animation=&#8220;&#8220; row_type=&#8220;row&#8220; use_row_as_full_screen_section=&#8220;no&#8220; type=&#8220;full_width&#8220; angled_section=&#8220;no&#8220; text_align=&#8220;left&#8220; background_image_as_pattern=&#8220;without_pattern&#8220;][vc_column][vc_column_text css=&#8220;&#8220;] Ein Verm\u00e4chtnis machen [\/vc_column_text][vc_empty_space height=&#8220;1em&#8220;][\/vc_column][\/vc_row][vc_row css_animation=&#8220;&#8220; row_type=&#8220;row&#8220; use_row_as_full_screen_section=&#8220;no&#8220; type=&#8220;full_width&#8220; angled_section=&#8220;no&#8220; text_align=&#8220;left&#8220; background_image_as_pattern=&#8220;without_pattern&#8220;][vc_column width=&#8220;1\/2&#8243;][vc_column_text css=&#8220;&#8220;]Viele Menschen m\u00f6chten in ihrem Umfeld und \u00fcber den Familienkreis hinaus Gutes tun und ihr Andenken bewahren. Sie treffen daher Vorkehrungen, indem sie&#8230;<\/p>\n","protected":false},"author":1,"featured_media":0,"parent":7337,"menu_order":0,"comment_status":"closed","ping_status":"closed","template":"","meta":{"footnotes":""},"class_list":["post-7313","page","type-page","status-publish","hentry"],"_links":{"self":[{"href":"https:\/\/ciaokids.org\/de\/wp-json\/wp\/v2\/pages\/7313","targetHints":{"allow":["GET"]}}],"collection":[{"href":"https:\/\/ciaokids.org\/de\/wp-json\/wp\/v2\/pages"}],"about":[{"href":"https:\/\/ciaokids.org\/de\/wp-json\/wp\/v2\/types\/page"}],"author":[{"embeddable":true,"href":"https:\/\/ciaokids.org\/de\/wp-json\/wp\/v2\/users\/1"}],"replies":[{"embeddable":true,"href":"https:\/\/ciaokids.org\/de\/wp-json\/wp\/v2\/comments?post=7313"}],"version-history":[{"count":8,"href":"https:\/\/ciaokids.org\/de\/wp-json\/wp\/v2\/pages\/7313\/revisions"}],"predecessor-version":[{"id":9609,"href":"https:\/\/ciaokids.org\/de\/wp-json\/wp\/v2\/pages\/7313\/revisions\/9609"}],"up":[{"embeddable":true,"href":"https:\/\/ciaokids.org\/de\/wp-json\/wp\/v2\/pages\/7337"}],"wp:attachment":[{"href":"https:\/\/ciaokids.org\/de\/wp-json\/wp\/v2\/media?parent=7313"}],"curies":[{"name":"wp","href":"https:\/\/api.w.org\/{rel}","templated":true}]}}