{"id":7311,"date":"2025-01-23T20:29:28","date_gmt":"2025-01-23T19:29:28","guid":{"rendered":"https:\/\/ciaokids.org\/cksite\/nos-donateurs\/"},"modified":"2025-01-31T21:26:46","modified_gmt":"2025-01-31T20:26:46","slug":"nos-donateurs","status":"publish","type":"page","link":"https:\/\/ciaokids.org\/de\/nous-soutenir\/nos-donateurs\/","title":{"rendered":"Unsere Spender"},"content":{"rendered":"<div class=\"wpb-content-wrapper\"><p>[vc_row css_animation=&#8220;&#8220; row_type=&#8220;row&#8220; use_row_as_full_screen_section=&#8220;no&#8220; type=&#8220;full_width&#8220; angled_section=&#8220;no&#8220; text_align=&#8220;left&#8220; background_image_as_pattern=&#8220;without_pattern&#8220; z_index=&#8220;&#8220;][vc_column][vc_column_text css=&#8220;&#8220;]<\/p>\n<h4>Unsere Spender<\/h4>\n<h4><em>Ohne Sie w\u00e4re nichts m\u00f6glich!<\/em><\/h4>\n<p>[\/vc_column_text][vc_empty_space][\/vc_column][\/vc_row][vc_row css_animation=&#8220;&#8220; row_type=&#8220;row&#8220; use_row_as_full_screen_section=&#8220;no&#8220; type=&#8220;full_width&#8220; angled_section=&#8220;no&#8220; text_align=&#8220;center&#8220; background_image_as_pattern=&#8220;without_pattern&#8220; z_index=&#8220;&#8220;][vc_column width=&#8220;1\/2&#8243;][vc_column_text css=&#8220;&#8220;]<\/p>\n<p style=\"text-align: left;\">Wir m\u00f6chten uns bei allen unseren privaten <strong>Spendern bedanken<\/strong>, denn jede Spende z\u00e4hlt!<\/p>\n<p style=\"text-align: left;\">Vielen Dank auch an unsere Patinnen und Paten, an Philippe de Preux und insbesondere an die Familie Simon f\u00fcr ihre gro\u00dfartige und treue Unterst\u00fctzung \u00fcber mehrere Jahre hinweg, ohne die einige Projekte nicht h\u00e4tten verwirklicht werden k\u00f6nnen.<\/p>\n<p style=\"text-align: left;\">Vielen Dank auch an alle Stiftungen, Organisationen, Serviceclubs, Vereine und andere Partner, die uns ihr Vertrauen geschenkt haben!<\/p>\n<p>[\/vc_column_text][vc_empty_space][\/vc_column][vc_column width=&#8220;1\/2&#8243; css=&#8220;.vc_custom_1737806582139{padding: 10px !important;background-color: #E6F4F1 !important;}&#8220;][vc_column_text css=&#8220;&#8220;]<\/p>\n<h4><em><strong>Helfen Sie uns, den Unterschied zu machen!<\/strong><\/em><\/h4>\n<p>[\/vc_column_text][vc_empty_space height=&#8220;10px&#8220;]<a  itemprop=\"url\" href=\"https:\/\/ciaokids.org\/cksite\/de\/nous-soutenir\/\" target=\"_self\"  class=\"qbutton  big_large center default\" style=\"margin: 10px auto 10px auto; \">Eine Spende machen<i class=\"qode_icon_font_awesome fa fa-heart qode_button_icon_element\"><\/i><\/a>[vc_empty_space][\/vc_column][\/vc_row][vc_row css_animation=&#8220;&#8220; row_type=&#8220;row&#8220; use_row_as_full_screen_section=&#8220;no&#8220; type=&#8220;full_width&#8220; angled_section=&#8220;no&#8220; text_align=&#8220;left&#8220; background_image_as_pattern=&#8220;without_pattern&#8220;][vc_column]<div class=\"qode-advanced-image-gallery  qode-aig-grid-type qode-tiny-space   \">\n\t<div class=\"qode-aig-inner qode-outer-space qode-aig-grid qode-aig-four-columns\">\n\t\t\t\t\t<div class=\"qode-aig-image qode-item-space\">\n\t\t\t\t<div class=\"qode-aig-image-inner\">\n\t\t\t\t\t\t\t\t\t\t\t<img loading=\"lazy\" decoding=\"async\" width=\"1358\" height=\"591\" src=\"https:\/\/ciaokids.org\/cksite\/wp-content\/uploads\/2025\/01\/AEML.png\" class=\"attachment-full size-full\" alt=\"\" srcset=\"https:\/\/ciaokids.org\/cksite\/wp-content\/uploads\/2025\/01\/AEML.png 1358w, https:\/\/ciaokids.org\/cksite\/wp-content\/uploads\/2025\/01\/AEML-750x326.png 750w, https:\/\/ciaokids.org\/cksite\/wp-content\/uploads\/2025\/01\/AEML-1200x522.png 1200w, https:\/\/ciaokids.org\/cksite\/wp-content\/uploads\/2025\/01\/AEML-300x131.png 300w, https:\/\/ciaokids.org\/cksite\/wp-content\/uploads\/2025\/01\/AEML-768x334.png 768w, https:\/\/ciaokids.org\/cksite\/wp-content\/uploads\/2025\/01\/AEML-700x305.png 700w\" sizes=\"auto, (max-width: 1358px) 100vw, 1358px\" \/>\t\t\t\t\t\t<span class=\"aig-gallery-hover\">\n\t\t\t\t\t\t\t\t\t\t\t\t\t<\/span>\n\t\t\t\t\t\t\t\t\t<\/div>\n\t\t\t<\/div>\n\t\t\t\t\t\t\t\t<div class=\"qode-aig-image qode-item-space\">\n\t\t\t\t<div class=\"qode-aig-image-inner\">\n\t\t\t\t\t\t\t\t\t\t\t<img loading=\"lazy\" decoding=\"async\" width=\"1358\" height=\"591\" src=\"https:\/\/ciaokids.org\/cksite\/wp-content\/uploads\/2025\/01\/Alaya.png\" class=\"attachment-full size-full\" alt=\"\" srcset=\"https:\/\/ciaokids.org\/cksite\/wp-content\/uploads\/2025\/01\/Alaya.png 1358w, https:\/\/ciaokids.org\/cksite\/wp-content\/uploads\/2025\/01\/Alaya-750x326.png 750w, https:\/\/ciaokids.org\/cksite\/wp-content\/uploads\/2025\/01\/Alaya-1200x522.png 1200w, https:\/\/ciaokids.org\/cksite\/wp-content\/uploads\/2025\/01\/Alaya-300x131.png 300w, https:\/\/ciaokids.org\/cksite\/wp-content\/uploads\/2025\/01\/Alaya-768x334.png 768w, https:\/\/ciaokids.org\/cksite\/wp-content\/uploads\/2025\/01\/Alaya-700x305.png 700w\" sizes=\"auto, (max-width: 1358px) 100vw, 1358px\" \/>\t\t\t\t\t\t<span class=\"aig-gallery-hover\">\n\t\t\t\t\t\t\t\t\t\t\t\t\t<\/span>\n\t\t\t\t\t\t\t\t\t<\/div>\n\t\t\t<\/div>\n\t\t\t\t\t\t\t\t<div class=\"qode-aig-image qode-item-space\">\n\t\t\t\t<div class=\"qode-aig-image-inner\">\n\t\t\t\t\t\t\t\t\t\t\t<img loading=\"lazy\" decoding=\"async\" width=\"1358\" height=\"591\" src=\"https:\/\/ciaokids.org\/cksite\/wp-content\/uploads\/2025\/01\/Bruellan-2.png\" class=\"attachment-full size-full\" alt=\"\" srcset=\"https:\/\/ciaokids.org\/cksite\/wp-content\/uploads\/2025\/01\/Bruellan-2.png 1358w, https:\/\/ciaokids.org\/cksite\/wp-content\/uploads\/2025\/01\/Bruellan-2-750x326.png 750w, https:\/\/ciaokids.org\/cksite\/wp-content\/uploads\/2025\/01\/Bruellan-2-1200x522.png 1200w, https:\/\/ciaokids.org\/cksite\/wp-content\/uploads\/2025\/01\/Bruellan-2-300x131.png 300w, https:\/\/ciaokids.org\/cksite\/wp-content\/uploads\/2025\/01\/Bruellan-2-768x334.png 768w, https:\/\/ciaokids.org\/cksite\/wp-content\/uploads\/2025\/01\/Bruellan-2-700x305.png 700w\" sizes=\"auto, (max-width: 1358px) 100vw, 1358px\" \/>\t\t\t\t\t\t<span class=\"aig-gallery-hover\">\n\t\t\t\t\t\t\t\t\t\t\t\t\t<\/span>\n\t\t\t\t\t\t\t\t\t<\/div>\n\t\t\t<\/div>\n\t\t\t\t\t\t\t\t<div class=\"qode-aig-image qode-item-space\">\n\t\t\t\t<div class=\"qode-aig-image-inner\">\n\t\t\t\t\t\t\t\t\t\t\t<img loading=\"lazy\" decoding=\"async\" width=\"1414\" height=\"478\" src=\"https:\/\/ciaokids.org\/cksite\/wp-content\/uploads\/2025\/01\/fondation-lord-michelham-logo.jpg\" class=\"attachment-full size-full\" alt=\"\" srcset=\"https:\/\/ciaokids.org\/cksite\/wp-content\/uploads\/2025\/01\/fondation-lord-michelham-logo.jpg 1414w, https:\/\/ciaokids.org\/cksite\/wp-content\/uploads\/2025\/01\/fondation-lord-michelham-logo-750x254.jpg 750w, https:\/\/ciaokids.org\/cksite\/wp-content\/uploads\/2025\/01\/fondation-lord-michelham-logo-1200x406.jpg 1200w, https:\/\/ciaokids.org\/cksite\/wp-content\/uploads\/2025\/01\/fondation-lord-michelham-logo-300x101.jpg 300w, https:\/\/ciaokids.org\/cksite\/wp-content\/uploads\/2025\/01\/fondation-lord-michelham-logo-768x260.jpg 768w, https:\/\/ciaokids.org\/cksite\/wp-content\/uploads\/2025\/01\/fondation-lord-michelham-logo-700x237.jpg 700w\" sizes=\"auto, (max-width: 1414px) 100vw, 1414px\" \/>\t\t\t\t\t\t<span class=\"aig-gallery-hover\">\n\t\t\t\t\t\t\t\t\t\t\t\t\t<\/span>\n\t\t\t\t\t\t\t\t\t<\/div>\n\t\t\t<\/div>\n\t\t\t\t\t\t\t\t<div class=\"qode-aig-image qode-item-space\">\n\t\t\t\t<div class=\"qode-aig-image-inner\">\n\t\t\t\t\t\t\t\t\t\t\t<img loading=\"lazy\" decoding=\"async\" width=\"1358\" height=\"591\" src=\"https:\/\/ciaokids.org\/cksite\/wp-content\/uploads\/2025\/01\/Fondation-Rosyland.png\" class=\"attachment-full size-full\" alt=\"\" srcset=\"https:\/\/ciaokids.org\/cksite\/wp-content\/uploads\/2025\/01\/Fondation-Rosyland.png 1358w, https:\/\/ciaokids.org\/cksite\/wp-content\/uploads\/2025\/01\/Fondation-Rosyland-750x326.png 750w, https:\/\/ciaokids.org\/cksite\/wp-content\/uploads\/2025\/01\/Fondation-Rosyland-1200x522.png 1200w, https:\/\/ciaokids.org\/cksite\/wp-content\/uploads\/2025\/01\/Fondation-Rosyland-300x131.png 300w, https:\/\/ciaokids.org\/cksite\/wp-content\/uploads\/2025\/01\/Fondation-Rosyland-768x334.png 768w, https:\/\/ciaokids.org\/cksite\/wp-content\/uploads\/2025\/01\/Fondation-Rosyland-700x305.png 700w\" sizes=\"auto, (max-width: 1358px) 100vw, 1358px\" \/>\t\t\t\t\t\t<span class=\"aig-gallery-hover\">\n\t\t\t\t\t\t\t\t\t\t\t\t\t<\/span>\n\t\t\t\t\t\t\t\t\t<\/div>\n\t\t\t<\/div>\n\t\t\t\t\t\t\t\t<div class=\"qode-aig-image qode-item-space\">\n\t\t\t\t<div class=\"qode-aig-image-inner\">\n\t\t\t\t\t\t\t\t\t\t\t<img loading=\"lazy\" decoding=\"async\" width=\"1358\" height=\"591\" src=\"https:\/\/ciaokids.org\/cksite\/wp-content\/uploads\/2025\/01\/Hotel-des-Inventions.png\" class=\"attachment-full size-full\" alt=\"\" srcset=\"https:\/\/ciaokids.org\/cksite\/wp-content\/uploads\/2025\/01\/Hotel-des-Inventions.png 1358w, https:\/\/ciaokids.org\/cksite\/wp-content\/uploads\/2025\/01\/Hotel-des-Inventions-750x326.png 750w, https:\/\/ciaokids.org\/cksite\/wp-content\/uploads\/2025\/01\/Hotel-des-Inventions-1200x522.png 1200w, https:\/\/ciaokids.org\/cksite\/wp-content\/uploads\/2025\/01\/Hotel-des-Inventions-300x131.png 300w, https:\/\/ciaokids.org\/cksite\/wp-content\/uploads\/2025\/01\/Hotel-des-Inventions-768x334.png 768w, https:\/\/ciaokids.org\/cksite\/wp-content\/uploads\/2025\/01\/Hotel-des-Inventions-700x305.png 700w\" sizes=\"auto, (max-width: 1358px) 100vw, 1358px\" \/>\t\t\t\t\t\t<span class=\"aig-gallery-hover\">\n\t\t\t\t\t\t\t\t\t\t\t\t\t<\/span>\n\t\t\t\t\t\t\t\t\t<\/div>\n\t\t\t<\/div>\n\t\t\t\t\t\t\t\t<div class=\"qode-aig-image qode-item-space\">\n\t\t\t\t<div class=\"qode-aig-image-inner\">\n\t\t\t\t\t\t\t\t\t\t\t<img loading=\"lazy\" decoding=\"async\" width=\"1358\" height=\"591\" src=\"https:\/\/ciaokids.org\/cksite\/wp-content\/uploads\/2025\/01\/IWCN.png\" class=\"attachment-full size-full\" alt=\"\" srcset=\"https:\/\/ciaokids.org\/cksite\/wp-content\/uploads\/2025\/01\/IWCN.png 1358w, https:\/\/ciaokids.org\/cksite\/wp-content\/uploads\/2025\/01\/IWCN-750x326.png 750w, https:\/\/ciaokids.org\/cksite\/wp-content\/uploads\/2025\/01\/IWCN-1200x522.png 1200w, https:\/\/ciaokids.org\/cksite\/wp-content\/uploads\/2025\/01\/IWCN-300x131.png 300w, https:\/\/ciaokids.org\/cksite\/wp-content\/uploads\/2025\/01\/IWCN-768x334.png 768w, https:\/\/ciaokids.org\/cksite\/wp-content\/uploads\/2025\/01\/IWCN-700x305.png 700w\" sizes=\"auto, (max-width: 1358px) 100vw, 1358px\" \/>\t\t\t\t\t\t<span class=\"aig-gallery-hover\">\n\t\t\t\t\t\t\t\t\t\t\t\t\t<\/span>\n\t\t\t\t\t\t\t\t\t<\/div>\n\t\t\t<\/div>\n\t\t\t\t\t\t\t\t<div class=\"qode-aig-image qode-item-space\">\n\t\t\t\t<div class=\"qode-aig-image-inner\">\n\t\t\t\t\t\t\t\t\t\t\t<img loading=\"lazy\" decoding=\"async\" width=\"593\" height=\"469\" src=\"https:\/\/ciaokids.org\/cksite\/wp-content\/uploads\/2025\/01\/fondation-marguerite-vuilleumier-e1737805903495.png\" class=\"attachment-full size-full\" alt=\"\" \/>\t\t\t\t\t\t<span class=\"aig-gallery-hover\">\n\t\t\t\t\t\t\t\t\t\t\t\t\t<\/span>\n\t\t\t\t\t\t\t\t\t<\/div>\n\t\t\t<\/div>\n\t\t\t\t\t\t\t\t<div class=\"qode-aig-image qode-item-space\">\n\t\t\t\t<div class=\"qode-aig-image-inner\">\n\t\t\t\t\t\t\t\t\t\t\t<img loading=\"lazy\" decoding=\"async\" width=\"1358\" height=\"591\" src=\"https:\/\/ciaokids.org\/cksite\/wp-content\/uploads\/2025\/01\/Lions-Club.png\" class=\"attachment-full size-full\" alt=\"\" srcset=\"https:\/\/ciaokids.org\/cksite\/wp-content\/uploads\/2025\/01\/Lions-Club.png 1358w, https:\/\/ciaokids.org\/cksite\/wp-content\/uploads\/2025\/01\/Lions-Club-750x326.png 750w, https:\/\/ciaokids.org\/cksite\/wp-content\/uploads\/2025\/01\/Lions-Club-1200x522.png 1200w, https:\/\/ciaokids.org\/cksite\/wp-content\/uploads\/2025\/01\/Lions-Club-300x131.png 300w, https:\/\/ciaokids.org\/cksite\/wp-content\/uploads\/2025\/01\/Lions-Club-768x334.png 768w, https:\/\/ciaokids.org\/cksite\/wp-content\/uploads\/2025\/01\/Lions-Club-700x305.png 700w\" sizes=\"auto, (max-width: 1358px) 100vw, 1358px\" \/>\t\t\t\t\t\t<span class=\"aig-gallery-hover\">\n\t\t\t\t\t\t\t\t\t\t\t\t\t<\/span>\n\t\t\t\t\t\t\t\t\t<\/div>\n\t\t\t<\/div>\n\t\t\t\t\t\t\t\t<div class=\"qode-aig-image qode-item-space\">\n\t\t\t\t<div class=\"qode-aig-image-inner\">\n\t\t\t\t\t\t\t\t\t\t\t<img loading=\"lazy\" decoding=\"async\" width=\"1358\" height=\"591\" src=\"https:\/\/ciaokids.org\/cksite\/wp-content\/uploads\/2025\/01\/Table-Ronde-de-Nyon.png\" class=\"attachment-full size-full\" alt=\"\" srcset=\"https:\/\/ciaokids.org\/cksite\/wp-content\/uploads\/2025\/01\/Table-Ronde-de-Nyon.png 1358w, https:\/\/ciaokids.org\/cksite\/wp-content\/uploads\/2025\/01\/Table-Ronde-de-Nyon-750x326.png 750w, https:\/\/ciaokids.org\/cksite\/wp-content\/uploads\/2025\/01\/Table-Ronde-de-Nyon-1200x522.png 1200w, https:\/\/ciaokids.org\/cksite\/wp-content\/uploads\/2025\/01\/Table-Ronde-de-Nyon-300x131.png 300w, https:\/\/ciaokids.org\/cksite\/wp-content\/uploads\/2025\/01\/Table-Ronde-de-Nyon-768x334.png 768w, https:\/\/ciaokids.org\/cksite\/wp-content\/uploads\/2025\/01\/Table-Ronde-de-Nyon-700x305.png 700w\" sizes=\"auto, (max-width: 1358px) 100vw, 1358px\" \/>\t\t\t\t\t\t<span class=\"aig-gallery-hover\">\n\t\t\t\t\t\t\t\t\t\t\t\t\t<\/span>\n\t\t\t\t\t\t\t\t\t<\/div>\n\t\t\t<\/div>\n\t\t\t\t\t\t\t\t<div class=\"qode-aig-image qode-item-space\">\n\t\t\t\t<div class=\"qode-aig-image-inner\">\n\t\t\t\t\t\t\t\t\t\t\t<img loading=\"lazy\" decoding=\"async\" width=\"1358\" height=\"591\" src=\"https:\/\/ciaokids.org\/cksite\/wp-content\/uploads\/2025\/01\/Tupperware.png\" class=\"attachment-full size-full\" alt=\"\" srcset=\"https:\/\/ciaokids.org\/cksite\/wp-content\/uploads\/2025\/01\/Tupperware.png 1358w, https:\/\/ciaokids.org\/cksite\/wp-content\/uploads\/2025\/01\/Tupperware-750x326.png 750w, https:\/\/ciaokids.org\/cksite\/wp-content\/uploads\/2025\/01\/Tupperware-1200x522.png 1200w, https:\/\/ciaokids.org\/cksite\/wp-content\/uploads\/2025\/01\/Tupperware-300x131.png 300w, https:\/\/ciaokids.org\/cksite\/wp-content\/uploads\/2025\/01\/Tupperware-768x334.png 768w, https:\/\/ciaokids.org\/cksite\/wp-content\/uploads\/2025\/01\/Tupperware-700x305.png 700w\" sizes=\"auto, (max-width: 1358px) 100vw, 1358px\" \/>\t\t\t\t\t\t<span class=\"aig-gallery-hover\">\n\t\t\t\t\t\t\t\t\t\t\t\t\t<\/span>\n\t\t\t\t\t\t\t\t\t<\/div>\n\t\t\t<\/div>\n\t\t\t\t\t\t\t\t<div class=\"qode-aig-image qode-item-space\">\n\t\t\t\t<div class=\"qode-aig-image-inner\">\n\t\t\t\t\t\t\t\t\t\t\t<img loading=\"lazy\" decoding=\"async\" width=\"1358\" height=\"591\" src=\"https:\/\/ciaokids.org\/cksite\/wp-content\/uploads\/2025\/01\/Zonta-Club.png\" class=\"attachment-full size-full\" alt=\"\" srcset=\"https:\/\/ciaokids.org\/cksite\/wp-content\/uploads\/2025\/01\/Zonta-Club.png 1358w, https:\/\/ciaokids.org\/cksite\/wp-content\/uploads\/2025\/01\/Zonta-Club-750x326.png 750w, https:\/\/ciaokids.org\/cksite\/wp-content\/uploads\/2025\/01\/Zonta-Club-1200x522.png 1200w, https:\/\/ciaokids.org\/cksite\/wp-content\/uploads\/2025\/01\/Zonta-Club-300x131.png 300w, https:\/\/ciaokids.org\/cksite\/wp-content\/uploads\/2025\/01\/Zonta-Club-768x334.png 768w, https:\/\/ciaokids.org\/cksite\/wp-content\/uploads\/2025\/01\/Zonta-Club-700x305.png 700w\" sizes=\"auto, (max-width: 1358px) 100vw, 1358px\" \/>\t\t\t\t\t\t<span class=\"aig-gallery-hover\">\n\t\t\t\t\t\t\t\t\t\t\t\t\t<\/span>\n\t\t\t\t\t\t\t\t\t<\/div>\n\t\t\t<\/div>\n\t\t\t\t\t\t<\/div>\n<\/div>[vc_empty_space][\/vc_column][\/vc_row]<\/p>\n<\/div>","protected":false},"excerpt":{"rendered":"<p>[vc_row css_animation=&#8220;&#8220; row_type=&#8220;row&#8220; use_row_as_full_screen_section=&#8220;no&#8220; type=&#8220;full_width&#8220; angled_section=&#8220;no&#8220; text_align=&#8220;left&#8220; background_image_as_pattern=&#8220;without_pattern&#8220; z_index=&#8220;&#8220;][vc_column][vc_column_text css=&#8220;&#8220;] Unsere Spender Ohne Sie w\u00e4re nichts m\u00f6glich! [\/vc_column_text][vc_empty_space][\/vc_column][\/vc_row][vc_row css_animation=&#8220;&#8220; row_type=&#8220;row&#8220; use_row_as_full_screen_section=&#8220;no&#8220; type=&#8220;full_width&#8220; angled_section=&#8220;no&#8220; text_align=&#8220;center&#8220; background_image_as_pattern=&#8220;without_pattern&#8220; z_index=&#8220;&#8220;][vc_column width=&#8220;1\/2&#8243;][vc_column_text css=&#8220;&#8220;] Wir m\u00f6chten uns bei allen unseren privaten Spendern bedanken, denn jede Spende z\u00e4hlt! Vielen Dank auch an&#8230;<\/p>\n","protected":false},"author":1,"featured_media":0,"parent":7337,"menu_order":0,"comment_status":"closed","ping_status":"closed","template":"","meta":{"footnotes":""},"class_list":["post-7311","page","type-page","status-publish","hentry"],"_links":{"self":[{"href":"https:\/\/ciaokids.org\/de\/wp-json\/wp\/v2\/pages\/7311","targetHints":{"allow":["GET"]}}],"collection":[{"href":"https:\/\/ciaokids.org\/de\/wp-json\/wp\/v2\/pages"}],"about":[{"href":"https:\/\/ciaokids.org\/de\/wp-json\/wp\/v2\/types\/page"}],"author":[{"embeddable":true,"href":"https:\/\/ciaokids.org\/de\/wp-json\/wp\/v2\/users\/1"}],"replies":[{"embeddable":true,"href":"https:\/\/ciaokids.org\/de\/wp-json\/wp\/v2\/comments?post=7311"}],"version-history":[{"count":9,"href":"https:\/\/ciaokids.org\/de\/wp-json\/wp\/v2\/pages\/7311\/revisions"}],"predecessor-version":[{"id":9603,"href":"https:\/\/ciaokids.org\/de\/wp-json\/wp\/v2\/pages\/7311\/revisions\/9603"}],"up":[{"embeddable":true,"href":"https:\/\/ciaokids.org\/de\/wp-json\/wp\/v2\/pages\/7337"}],"wp:attachment":[{"href":"https:\/\/ciaokids.org\/de\/wp-json\/wp\/v2\/media?parent=7311"}],"curies":[{"name":"wp","href":"https:\/\/api.w.org\/{rel}","templated":true}]}}