{"id":6505,"date":"2024-10-30T12:06:36","date_gmt":"2024-10-30T11:06:36","guid":{"rendered":"https:\/\/ciaokids.org\/cksite\/die-stiftung\/"},"modified":"2025-01-31T20:10:46","modified_gmt":"2025-01-31T19:10:46","slug":"die-stiftung","status":"publish","type":"page","link":"https:\/\/ciaokids.org\/de\/die-stiftung\/","title":{"rendered":"Die Stiftung"},"content":{"rendered":"<div class=\"wpb-content-wrapper\"><p>[vc_row css_animation=&#8220;&#8220; row_type=&#8220;row&#8220; use_row_as_full_screen_section=&#8220;no&#8220; type=&#8220;full_width&#8220; angled_section=&#8220;no&#8220; text_align=&#8220;left&#8220; background_image_as_pattern=&#8220;without_pattern&#8220;][vc_column][vc_column_text css=&#8220;&#8220;]<\/p>\n<h4><em>Wer sind wir?<\/em><\/h4>\n<p>[\/vc_column_text][vc_empty_space][\/vc_column][\/vc_row][vc_row css_animation=&#8220;&#8220; row_type=&#8220;row&#8220; use_row_as_full_screen_section=&#8220;no&#8220; type=&#8220;full_width&#8220; angled_section=&#8220;no&#8220; text_align=&#8220;left&#8220; background_image_as_pattern=&#8220;without_pattern&#8220;][vc_column width=&#8220;1\/2&#8243;][vc_column_text css=&#8220;&#8220;]Unsere Stiftung wurde 2008 in Lausanne von ihrem Pr\u00e4sidenten Philippe de Preux gegr\u00fcndet. Nach dem Verlust eines seiner S\u00f6hne ging Philippe de Preux in den Vorruhestand des Unternehmens, in dem er arbeitete, um seiner Mission gerecht zu werden: Kindern in benachteiligten L\u00e4ndern zu helfen.<\/p>\n<p>Seitdem ist es unser Ziel, die Lebensbedingungen der Stammesfamilien und der Dalits (fr\u00fcher Unber\u00fchrbare genannt) zu verbessern und ihre Rechte zu verteidigen, damit sie ein w\u00fcrdigeres und autonomeres Leben f\u00fchren k\u00f6nnen.<\/p>\n<p>Die Stiftung ist als gemeinn\u00fctzig anerkannt, weshalb s\u00e4mtliche Spenden steuerlich abzugsf\u00e4hig sind und sie untersteht der Eidgen\u00f6ssischen Stiftungsaufsicht in Bern. <strong>Die Spenden kommen vollumf\u00e4nglich unserer Mission in Indien und Nepal zugute<\/strong>, die Verwaltungskosten in der Schweiz (Miete, Sekretariatsarbeiten, Kommunikation, Mittelbeschaffung) werden durch die G\u00f6nner gedeckt.[\/vc_column_text][vc_empty_space][\/vc_column][vc_column width=&#8220;1\/2&#8243;][vc_column_text css=&#8220;&#8220;]Sechs Personen arbeiten an der Erf\u00fcllung der Mission der CIAO KIDS Foundation in der Schweiz und eine in Indien: Herr Philippe De Preux, Gr\u00fcndungspr\u00e4sident, unterst\u00fctzt von 4 Mitgliedern des Stiftungsrates sowie einem Projektmanager und verantwortlich f\u00fcr die 60%ige Mittelbeschaffung . Vor Ort beaufsichtigt ein Teilzeit-Programmmanager ein Team aus rund vierzig engagierten Partnern und drei dynamischen NGOs, die t\u00e4glich zusammenarbeiten, um unsere gemeinsame Mission voranzutreiben.<\/p>\n<p>Um diese Teams zu vervollst\u00e4ndigen, stellen unabh\u00e4ngige Experten f\u00fcr Kommunikation und digitale Strategie sowie ein Netzwerk von Freiwilligen mit spezifischen und vielf\u00e4ltigen F\u00e4higkeiten der CIAO KIDS Foundation ihre Unterst\u00fctzung und ihr Fachwissen zur Verf\u00fcgung.[\/vc_column_text][vc_empty_space][\/vc_column][\/vc_row][vc_row css_animation=&#8220;&#8220; row_type=&#8220;row&#8220; use_row_as_full_screen_section=&#8220;no&#8220; type=&#8220;full_width&#8220; angled_section=&#8220;no&#8220; text_align=&#8220;left&#8220; background_image_as_pattern=&#8220;without_pattern&#8220; z_index=&#8220;&#8220;][vc_column][vc_separator type=&#8220;normal&#8220; color=&#8220;#009EA7&#8243; thickness=&#8220;1&#8243; up=&#8220;32&#8243; down=&#8220;32&#8243;][vc_empty_space][vc_row_inner row_type=&#8220;row&#8220; type=&#8220;full_width&#8220; text_align=&#8220;left&#8220; css_animation=&#8220;&#8220;][vc_column_inner width=&#8220;1\/4&#8243;][vc_single_image image=&#8220;9223&#8243; img_size=&#8220;full&#8220; alignment=&#8220;center&#8220; css=&#8220;&#8220; qode_css_animation=&#8220;&#8220;][vc_empty_space][\/vc_column_inner][vc_column_inner width=&#8220;1\/4&#8243;][vc_column_text]<\/p>\n<div class=\"ci-clear\"><strong>Philippe De Preux<\/strong><\/div>\n<p>Pr\u00e4sident<br \/>\n\u00d6konom; 30-j\u00e4hrige Karriere in einem Grosskonzern an der Spitze verschiedener Managementpositionen in den USA und der Schweiz<br \/>\nEhemaliges Mitglied des Stiftungsrates der Terre des Hommes Stiftung[\/vc_column_text][vc_empty_space][\/vc_column_inner][vc_column_inner width=&#8220;1\/4&#8243;][vc_single_image image=&#8220;9202&#8243; img_size=&#8220;full&#8220; alignment=&#8220;center&#8220; css=&#8220;&#8220; qode_css_animation=&#8220;&#8220;][vc_empty_space][\/vc_column_inner][vc_column_inner width=&#8220;1\/4&#8243;][vc_column_text]<\/p>\n<div class=\"ci-clear\"><strong>Claude-Alain Dumont<br \/>\n<\/strong>Vizepr\u00e4sident<br \/>\nWirtschaftsjurist<\/div>\n<p>[\/vc_column_text]<span class='q_social_icon_holder square_social' data-color=#FFFFFF data-hover-background-color=#FFFFFF data-hover-border-color=#009EA7 data-hover-color=#009EA7><a itemprop='url' href='https:\/\/www.linkedin.com\/in\/claude-dumont-374a4115\/' target='_blank'><span class='fa-stack ' style='background-color: #009EA7;border-color: #009EA7;border-width: 1px;font-size: 12px;'><i class=\"qode_icon_font_awesome fa fa-linkedin \" style=\"color: #FFFFFF;font-size: 20px;\" ><\/i><\/span><\/a><\/span>[vc_empty_space][\/vc_column_inner][\/vc_row_inner][vc_row_inner row_type=&#8220;row&#8220; type=&#8220;full_width&#8220; text_align=&#8220;left&#8220; css_animation=&#8220;&#8220;][vc_column_inner width=&#8220;1\/4&#8243;][vc_single_image image=&#8220;9219&#8243; img_size=&#8220;full&#8220; alignment=&#8220;center&#8220; css=&#8220;&#8220; qode_css_animation=&#8220;&#8220;][vc_empty_space][\/vc_column_inner][vc_column_inner width=&#8220;1\/4&#8243;][vc_column_text]<\/p>\n<div class=\"ci-clear\"><strong>Nathalie Praz<br \/>\n<\/strong>Sekret\u00e4r<br \/>\nLeiter Humanit\u00e4re Hilfe EPER (Hilfe Evangelischer Hilfswerke Schweiz)<\/div>\n<p>[\/vc_column_text]<span class='q_social_icon_holder square_social' data-color=#FFFFFF data-hover-background-color=#FFFFFF data-hover-border-color=#009EA7 data-hover-color=#009EA7><a itemprop='url' href='https:\/\/www.linkedin.com\/in\/nathalie-praz-14854142\/' target='_blank'><span class='fa-stack ' style='background-color: #009EA7;border-color: #009EA7;border-width: 1px;font-size: 12px;'><i class=\"qode_icon_font_awesome fa fa-linkedin \" style=\"color: #FFFFFF;font-size: 20px;\" ><\/i><\/span><\/a><\/span>[vc_empty_space][\/vc_column_inner][vc_column_inner width=&#8220;1\/4&#8243;][vc_single_image image=&#8220;9209&#8243; img_size=&#8220;full&#8220; alignment=&#8220;center&#8220; css=&#8220;&#8220; qode_css_animation=&#8220;&#8220;][vc_empty_space][\/vc_column_inner][vc_column_inner width=&#8220;1\/4&#8243;][vc_column_text]<\/p>\n<div class=\"ci-clear\"><strong>S\u00e9bastien Simon<br \/>\n<\/strong>Mitglied<br \/>\nUnternehmensberater<\/div>\n<p>[\/vc_column_text]<span class='q_social_icon_holder square_social' data-color=#FFFFFF data-hover-background-color=#FFFFFF data-hover-border-color=#009EA7 data-hover-color=#009EA7><a itemprop='url' href='https:\/\/www.linkedin.com\/in\/s%C3%A9bastien-simon-3142a43\/' target='_blank'><span class='fa-stack ' style='background-color: #009EA7;border-color: #009EA7;border-width: 1px;font-size: 12px;'><i class=\"qode_icon_font_awesome fa fa-linkedin \" style=\"color: #FFFFFF;font-size: 20px;\" ><\/i><\/span><\/a><\/span>[vc_empty_space][\/vc_column_inner][\/vc_row_inner][vc_row_inner row_type=&#8220;row&#8220; type=&#8220;full_width&#8220; text_align=&#8220;left&#8220; css_animation=&#8220;&#8220;][vc_column_inner width=&#8220;1\/4&#8243;][vc_single_image image=&#8220;8694&#8243; img_size=&#8220;full&#8220; alignment=&#8220;center&#8220; css=&#8220;&#8220; qode_css_animation=&#8220;&#8220;][vc_empty_space][\/vc_column_inner][vc_column_inner width=&#8220;1\/4&#8243;][vc_column_text css=&#8220;&#8220;]<\/p>\n<div class=\"ci-clear\"><strong>Alexandra Mauris<br \/>\n<\/strong>Projektmanager und Fundraising<\/div>\n<div><\/div>\n<p>[\/vc_column_text]<span class='q_social_icon_holder square_social' data-color=#FFFFFF data-hover-background-color=#FFFFFF data-hover-border-color=#009EA7 data-hover-color=#009EA7><a itemprop='url' href='https:\/\/www.linkedin.com\/in\/alexandra-mauris-salvador-58827272' target='_blank'><span class='fa-stack ' style='background-color: #009EA7;border-color: #009EA7;border-width: 1px;font-size: 12px;'><i class=\"qode_icon_font_awesome fa fa-linkedin \" style=\"color: #FFFFFF;font-size: 20px;\" ><\/i><\/span><\/a><\/span>[vc_empty_space][\/vc_column_inner][vc_column_inner width=&#8220;1\/4&#8243;][vc_single_image image=&#8220;9212&#8243; img_size=&#8220;full&#8220; alignment=&#8220;center&#8220; css=&#8220;&#8220; qode_css_animation=&#8220;&#8220;][vc_empty_space][\/vc_column_inner][vc_column_inner width=&#8220;1\/4&#8243;][vc_column_text]<\/p>\n<div class=\"ci-clear\"><strong><span class=\"WdYUQQ\">Charulatha Banerjee<\/span><\/strong><\/div>\n<p>Programmmanager[\/vc_column_text]<span class='q_social_icon_holder square_social' data-color=#FFFFFF data-hover-background-color=#FFFFFF data-hover-border-color=#009EA7 data-hover-color=#009EA7><a itemprop='url' href='https:\/\/www.linkedin.com\/in\/charulatha-banerjee-b4071a19\/' target='_blank'><span class='fa-stack ' style='background-color: #009EA7;border-color: #009EA7;border-width: 1px;font-size: 12px;'><i class=\"qode_icon_font_awesome fa fa-linkedin \" style=\"color: #FFFFFF;font-size: 20px;\" ><\/i><\/span><\/a><\/span>[vc_empty_space][\/vc_column_inner][\/vc_row_inner][\/vc_column][\/vc_row][vc_row css_animation=&#8220;&#8220; row_type=&#8220;row&#8220; use_row_as_full_screen_section=&#8220;no&#8220; type=&#8220;full_width&#8220; angled_section=&#8220;no&#8220; text_align=&#8220;center&#8220; background_image_as_pattern=&#8220;without_pattern&#8220; z_index=&#8220;&#8220;][vc_column][vc_separator type=&#8220;normal&#8220; color=&#8220;#009EA7&#8243; thickness=&#8220;1&#8243; up=&#8220;32&#8243; down=&#8220;32&#8243;][vc_column_text css=&#8220;&#8220;]<\/p>\n<h3><span style=\"color: #009ea7;\">Entdecken Sie die CIAO KIDS Foundation<\/span><\/h3>\n<p>[\/vc_column_text]<a  itemprop=\"url\" href=\"https:\/\/ciaokids.org\/cksite\/wp-content\/uploads\/2025\/01\/Brochure-Presentation_finale-DE.pdf\" target=\"_blank\"  class=\"qbutton  medium default\" style=\"margin: 32px auto 32px auto; \">Laden Sie unsere Brosch\u00fcre herunter<\/a>[\/vc_column][\/vc_row]<\/p>\n<\/div>","protected":false},"excerpt":{"rendered":"<p>[vc_row css_animation=&#8220;&#8220; row_type=&#8220;row&#8220; use_row_as_full_screen_section=&#8220;no&#8220; type=&#8220;full_width&#8220; angled_section=&#8220;no&#8220; text_align=&#8220;left&#8220; background_image_as_pattern=&#8220;without_pattern&#8220;][vc_column][vc_column_text css=&#8220;&#8220;] Wer sind wir? [\/vc_column_text][vc_empty_space][\/vc_column][\/vc_row][vc_row css_animation=&#8220;&#8220; row_type=&#8220;row&#8220; use_row_as_full_screen_section=&#8220;no&#8220; type=&#8220;full_width&#8220; angled_section=&#8220;no&#8220; text_align=&#8220;left&#8220; background_image_as_pattern=&#8220;without_pattern&#8220;][vc_column width=&#8220;1\/2&#8243;][vc_column_text css=&#8220;&#8220;]Unsere Stiftung wurde 2008 in Lausanne von ihrem Pr\u00e4sidenten Philippe de Preux gegr\u00fcndet. Nach dem Verlust eines seiner S\u00f6hne ging Philippe de Preux in&#8230;<\/p>\n","protected":false},"author":1,"featured_media":0,"parent":0,"menu_order":0,"comment_status":"closed","ping_status":"closed","template":"","meta":{"footnotes":""},"class_list":["post-6505","page","type-page","status-publish","hentry"],"_links":{"self":[{"href":"https:\/\/ciaokids.org\/de\/wp-json\/wp\/v2\/pages\/6505","targetHints":{"allow":["GET"]}}],"collection":[{"href":"https:\/\/ciaokids.org\/de\/wp-json\/wp\/v2\/pages"}],"about":[{"href":"https:\/\/ciaokids.org\/de\/wp-json\/wp\/v2\/types\/page"}],"author":[{"embeddable":true,"href":"https:\/\/ciaokids.org\/de\/wp-json\/wp\/v2\/users\/1"}],"replies":[{"embeddable":true,"href":"https:\/\/ciaokids.org\/de\/wp-json\/wp\/v2\/comments?post=6505"}],"version-history":[{"count":18,"href":"https:\/\/ciaokids.org\/de\/wp-json\/wp\/v2\/pages\/6505\/revisions"}],"predecessor-version":[{"id":9501,"href":"https:\/\/ciaokids.org\/de\/wp-json\/wp\/v2\/pages\/6505\/revisions\/9501"}],"wp:attachment":[{"href":"https:\/\/ciaokids.org\/de\/wp-json\/wp\/v2\/media?parent=6505"}],"curies":[{"name":"wp","href":"https:\/\/api.w.org\/{rel}","templated":true}]}}