{"id":6485,"date":"2025-01-23T07:42:59","date_gmt":"2025-01-23T06:42:59","guid":{"rendered":"https:\/\/ciaokids.org\/cksite\/nos-defis\/"},"modified":"2025-01-31T20:23:05","modified_gmt":"2025-01-31T19:23:05","slug":"nos-defis","status":"publish","type":"page","link":"https:\/\/ciaokids.org\/de\/die-stiftung\/nos-defis\/","title":{"rendered":"Unsere Herausforderungen"},"content":{"rendered":"<div class=\"wpb-content-wrapper\"><p>[vc_row css_animation=&#8220;&#8220; row_type=&#8220;row&#8220; use_row_as_full_screen_section=&#8220;no&#8220; type=&#8220;full_width&#8220; angled_section=&#8220;no&#8220; text_align=&#8220;left&#8220; background_image_as_pattern=&#8220;without_pattern&#8220;][vc_column][vc_column_text css=&#8220;&#8220;]<\/p>\n<h4><em>Unsere Herausforderungen: Arbeit mit sozial benachteiligten Gruppen in Indien und Nepal<\/em><\/h4>\n<p>[\/vc_column_text][vc_empty_space][\/vc_column][\/vc_row][vc_row css_animation=&#8220;&#8220; row_type=&#8220;row&#8220; use_row_as_full_screen_section=&#8220;no&#8220; type=&#8220;full_width&#8220; angled_section=&#8220;no&#8220; text_align=&#8220;left&#8220; background_image_as_pattern=&#8220;without_pattern&#8220;][vc_column width=&#8220;1\/2&#8243;][vc_column_text css=&#8220;&#8220;]Wir arbeiten in Indien, dem bev\u00f6lkerungsreichsten Land der Welt, wo trotz schnellen Wirtschaftswachstums weiterhin gro\u00dfe Ungleichheit herrscht, und in Nepal, einer sehr armen Region, die immer noch damit k\u00e4mpft, sich von dem verheerenden Erdbeben im Jahr 2015 und den beiden besonders schwierigen Covid-Jahren zu erholen.<\/p>\n<p>Obwohl in beiden L\u00e4ndern deutliche Fortschritte erzielt wurden, leben viele Gemeinschaften noch immer unter sehr prek\u00e4ren Bedingungen.[\/vc_column_text][vc_empty_space]\n\t\t\t<!-- START d\u00e9fis REVOLUTION SLIDER 6.7.29 --><p class=\"rs-p-wp-fix\"><\/p>\n\t\t\t<rs-module-wrap id=\"rev_slider_4_1_wrapper\" data-source=\"gallery\" style=\"visibility:hidden;background:transparent;padding:0;margin:0px auto;margin-top:0;margin-bottom:0;\">\n\t\t\t\t<rs-module id=\"rev_slider_4_1\" style=\"\" data-version=\"6.7.29\">\n\t\t\t\t\t<rs-slides style=\"overflow: hidden; position: absolute;\">\n\t\t\t\t\t\t<rs-slide style=\"position: absolute;\" data-key=\"rs-14\" data-title=\"Slide\" data-in=\"o:0;\" data-out=\"a:false;\">\n\t\t\t\t\t\t\t<img decoding=\"async\" src=\"\/\/ciaokids.org\/cksite\/wp-content\/plugins\/revslider\/sr6\/assets\/assets\/dummy.png\" alt=\"\" title=\"Nepal\" width=\"1125\" height=\"1500\" class=\"rev-slidebg tp-rs-img rs-lazyload\" data-lazyload=\"\/\/ciaokids.org\/cksite\/wp-content\/uploads\/2025\/01\/Nepal.jpg\" data-no-retina>\n<!---->\t\t\t\t\t<\/rs-slide>\n\t\t\t\t\t\t<rs-slide style=\"position: absolute;\" data-key=\"rs-15\" data-title=\"Slide\" data-in=\"o:0;\" data-out=\"a:false;\">\n\t\t\t\t\t\t\t<img decoding=\"async\" src=\"\/\/ciaokids.org\/cksite\/wp-content\/plugins\/revslider\/sr6\/assets\/assets\/dummy.png\" alt=\"\" title=\"Nepal_e\" width=\"1500\" height=\"1125\" class=\"rev-slidebg tp-rs-img rs-lazyload\" data-lazyload=\"\/\/ciaokids.org\/cksite\/wp-content\/uploads\/2025\/01\/Nepal_e.jpg\" data-bg=\"p:center top;\" data-no-retina>\n<!---->\t\t\t\t\t<\/rs-slide>\n\t\t\t\t\t\t<rs-slide style=\"position: absolute;\" data-key=\"rs-16\" data-title=\"Slide\" data-in=\"o:0;\" data-out=\"a:false;\">\n\t\t\t\t\t\t\t<img decoding=\"async\" src=\"\/\/ciaokids.org\/cksite\/wp-content\/plugins\/revslider\/sr6\/assets\/assets\/dummy.png\" alt=\"\" title=\"Inde_c\" width=\"1500\" height=\"1125\" class=\"rev-slidebg tp-rs-img rs-lazyload\" data-lazyload=\"\/\/ciaokids.org\/cksite\/wp-content\/uploads\/2025\/01\/Inde_c.jpg\" data-bg=\"p:center top;\" data-no-retina>\n<!---->\t\t\t\t\t<\/rs-slide>\n\t\t\t\t\t\t<rs-slide style=\"position: absolute;\" data-key=\"rs-17\" data-title=\"Slide\" data-in=\"o:0;\" data-out=\"a:false;\">\n\t\t\t\t\t\t\t<img decoding=\"async\" src=\"\/\/ciaokids.org\/cksite\/wp-content\/plugins\/revslider\/sr6\/assets\/assets\/dummy.png\" alt=\"\" title=\"Adivasi_village\" width=\"1500\" height=\"1000\" class=\"rev-slidebg tp-rs-img rs-lazyload\" data-lazyload=\"\/\/ciaokids.org\/cksite\/wp-content\/uploads\/2025\/01\/Adivasi_village.jpg\" data-bg=\"p:center top;\" data-no-retina>\n<!---->\t\t\t\t\t<\/rs-slide>\n\t\t\t\t\t<\/rs-slides>\n\t\t\t\t<\/rs-module>\n\t\t\t\t<script>\n\t\t\t\t\tsetREVStartSize({c: 'rev_slider_4_1',rl:[1240,1024,778,480],el:[900],gw:[1240],gh:[900],type:'standard',justify:'',layout:'fullwidth',mh:\"0\"});if (window.RS_MODULES!==undefined && window.RS_MODULES.modules!==undefined && window.RS_MODULES.modules[\"revslider41\"]!==undefined) {window.RS_MODULES.modules[\"revslider41\"].once = false;window.revapi4 = undefined;if (window.RS_MODULES.checkMinimal!==undefined) window.RS_MODULES.checkMinimal()}\n\t\t\t\t<\/script>\n\t\t\t<\/rs-module-wrap>\n\t\t\t<!-- END REVOLUTION SLIDER -->\n[\/vc_column][vc_column width=&#8220;1\/2&#8243;][vc_column_text css=&#8220;&#8220;]<\/p>\n<ul>\n<li><strong>Soziale Diskriminierung und Ausgrenzung<\/strong><\/li>\n<\/ul>\n<p>Trotz des gesetzlichen Schutzes sind diese Gruppen weiterhin gesellschaftlichen Vorurteilen ausgesetzt und werden von wirtschaftlichen und politischen Strukturen ausgeschlossen. Kastenpraktiken und soziale Segregation verhindern, dass sie grundlegende Rechte wahrnehmen, und schr\u00e4nken ihre Integration in die Gesellschaft ein. <\/p>\n<ul>\n<li><strong>Eingeschr\u00e4nkter Zugang zu Bildung<\/strong><\/li>\n<\/ul>\n<p>Eine hohe Analphabetenrate und eine fehlende Bildungsinfrastruktur behindern ihre sozio\u00f6konomische Entwicklung. Die oft abgelegenen oder qualitativ schlechten Schulen sowie die Diskriminierung im Bildungssystem f\u00fchren f\u00fcr diese Bev\u00f6lkerungsgruppen zu einem Kreislauf aus Armut und Ungleichheit. <\/p>\n<ul>\n<li><strong>Wirtschaftliche Unsicherheit<\/strong><\/li>\n<\/ul>\n<p>Da diese Bev\u00f6lkerungsgruppen gr\u00f6\u00dftenteils von der Landwirtschaft oder informeller Arbeit abh\u00e4ngig sind, sind sie anf\u00e4llig f\u00fcr Arbeitslosigkeit, Verschuldung und Ausbeutung. Da ihnen Landrechte und der Zugang zu Krediten und wirtschaftlichen Ressourcen fehlen, leben sie in einer generationen\u00fcbergreifenden Armut. <\/p>\n<ul>\n<li><strong>Vertreibung und Landverlust<\/strong><\/li>\n<\/ul>\n<p>Aufgrund von Industrieprojekten, Staud\u00e4mmen oder Bergbau verlieren indigene Bev\u00f6lkerungsgruppen ihr angestammtes Land, oft ohne angemessene Entsch\u00e4digung oder Anerkennung ihrer Landrechte. Dadurch werden sie ihrer traditionellen Lebensgrundlage beraubt und in st\u00e4dtische Gebiete gedr\u00e4ngt, wo sie an den Rand gedr\u00e4ngt werden. <\/p>\n<ul>\n<li><strong>Verletzlichkeit von Frauen und Kindern<\/strong><\/li>\n<\/ul>\n<p>Diese Gruppen sind besonders Gewalt, Menschenhandel sowie h\u00e4uslicher und sexueller Ausbeutung ausgesetzt. Vor allem Frauen sind aufgrund ihres Geschlechts und ihres sozialen Status doppelter Diskriminierung ausgesetzt, w\u00e4hrend Kinder Opfer von Zwangsarbeit und Ausbeutung sind. <\/p>\n<ul>\n<li><strong>Eingeschr\u00e4nkter Zugang zu Gesundheitsdiensten und Infrastruktur<\/strong><\/li>\n<\/ul>\n<p>Diese Bev\u00f6lkerungsgruppen haben nur eingeschr\u00e4nkten Zugang zu medizinischer Versorgung, sauberem Wasser und anderen lebenswichtigen Dienstleistungen, was ihre Verletzlichkeit noch erh\u00f6ht. Der Mangel an Infrastruktur in l\u00e4ndlichen und abgelegenen Gebieten verst\u00e4rkt gesundheitliche und sozio\u00f6konomische Ungleichheiten. Diese komplexen Herausforderungen erfordern eine umfassende Antwort, um die Lebensbedingungen dieser marginalisierten Gruppen in Indien und Nepal zu verbessern und die Inklusion zu f\u00f6rdern.[\/vc_column_text][\/vc_column][\/vc_row][vc_row css_animation=&#8220;&#8220; row_type=&#8220;row&#8220; use_row_as_full_screen_section=&#8220;no&#8220; type=&#8220;full_width&#8220; angled_section=&#8220;no&#8220; text_align=&#8220;left&#8220; background_image_as_pattern=&#8220;without_pattern&#8220;][vc_column][\/vc_column][\/vc_row]<\/p>\n<\/div>","protected":false},"excerpt":{"rendered":"<p>[vc_row css_animation=&#8220;&#8220; row_type=&#8220;row&#8220; use_row_as_full_screen_section=&#8220;no&#8220; type=&#8220;full_width&#8220; angled_section=&#8220;no&#8220; text_align=&#8220;left&#8220; background_image_as_pattern=&#8220;without_pattern&#8220;][vc_column][vc_column_text css=&#8220;&#8220;] Unsere Herausforderungen: Arbeit mit sozial benachteiligten Gruppen in Indien und Nepal [\/vc_column_text][vc_empty_space][\/vc_column][\/vc_row][vc_row css_animation=&#8220;&#8220; row_type=&#8220;row&#8220; use_row_as_full_screen_section=&#8220;no&#8220; type=&#8220;full_width&#8220; angled_section=&#8220;no&#8220; text_align=&#8220;left&#8220; background_image_as_pattern=&#8220;without_pattern&#8220;][vc_column width=&#8220;1\/2&#8243;][vc_column_text css=&#8220;&#8220;]Wir arbeiten in Indien, dem bev\u00f6lkerungsreichsten Land der Welt, wo trotz schnellen Wirtschaftswachstums weiterhin gro\u00dfe Ungleichheit&#8230;<\/p>\n","protected":false},"author":1,"featured_media":0,"parent":6505,"menu_order":0,"comment_status":"closed","ping_status":"closed","template":"","meta":{"footnotes":""},"class_list":["post-6485","page","type-page","status-publish","hentry"],"_links":{"self":[{"href":"https:\/\/ciaokids.org\/de\/wp-json\/wp\/v2\/pages\/6485","targetHints":{"allow":["GET"]}}],"collection":[{"href":"https:\/\/ciaokids.org\/de\/wp-json\/wp\/v2\/pages"}],"about":[{"href":"https:\/\/ciaokids.org\/de\/wp-json\/wp\/v2\/types\/page"}],"author":[{"embeddable":true,"href":"https:\/\/ciaokids.org\/de\/wp-json\/wp\/v2\/users\/1"}],"replies":[{"embeddable":true,"href":"https:\/\/ciaokids.org\/de\/wp-json\/wp\/v2\/comments?post=6485"}],"version-history":[{"count":14,"href":"https:\/\/ciaokids.org\/de\/wp-json\/wp\/v2\/pages\/6485\/revisions"}],"predecessor-version":[{"id":9508,"href":"https:\/\/ciaokids.org\/de\/wp-json\/wp\/v2\/pages\/6485\/revisions\/9508"}],"up":[{"embeddable":true,"href":"https:\/\/ciaokids.org\/de\/wp-json\/wp\/v2\/pages\/6505"}],"wp:attachment":[{"href":"https:\/\/ciaokids.org\/de\/wp-json\/wp\/v2\/media?parent=6485"}],"curies":[{"name":"wp","href":"https:\/\/api.w.org\/{rel}","templated":true}]}}